{"id":225,"date":"2021-06-15T22:49:36","date_gmt":"2021-06-15T20:49:36","guid":{"rendered":"http:\/\/duszpasterstwopolskiewcork.ie\/?page_id=225"},"modified":"2025-04-30T23:45:23","modified_gmt":"2025-04-30T21:45:23","slug":"ministranci","status":"publish","type":"page","link":"http:\/\/duszpasterstwopolskiewcork.ie\/index.php\/ministranci\/","title":{"rendered":"Ministranci"},"content":{"rendered":"\t\t<div data-elementor-type=\"wp-page\" data-elementor-id=\"225\" class=\"elementor elementor-225\">\n\t\t\t\t\t\t\t\t\t<section class=\"elementor-section elementor-top-section elementor-element elementor-element-46c0b83 elementor-section-boxed elementor-section-height-default elementor-section-height-default\" data-id=\"46c0b83\" data-element_type=\"section\">\n\t\t\t\t\t\t<div class=\"elementor-container elementor-column-gap-default\">\n\t\t\t\t\t<div class=\"elementor-column elementor-col-100 elementor-top-column elementor-element elementor-element-6a7ab73\" data-id=\"6a7ab73\" data-element_type=\"column\">\n\t\t\t<div class=\"elementor-widget-wrap elementor-element-populated\">\n\t\t\t\t\t\t\t\t<div class=\"elementor-element elementor-element-2eba231 elementor-widget elementor-widget-heading\" data-id=\"2eba231\" data-element_type=\"widget\" data-widget_type=\"heading.default\">\n\t\t\t\t<div class=\"elementor-widget-container\">\n\t\t\t<h2 class=\"elementor-heading-title elementor-size-default\">MINISTRANCI<\/h2>\t\t<\/div>\n\t\t\t\t<\/div>\n\t\t\t\t\t<\/div>\n\t\t<\/div>\n\t\t\t\t\t\t\t<\/div>\n\t\t<\/section>\n\t\t\t\t<section class=\"elementor-section elementor-top-section elementor-element elementor-element-3f0f910 elementor-section-boxed elementor-section-height-default elementor-section-height-default\" data-id=\"3f0f910\" data-element_type=\"section\">\n\t\t\t\t\t\t<div class=\"elementor-container elementor-column-gap-default\">\n\t\t\t\t\t<div class=\"elementor-column elementor-col-100 elementor-top-column elementor-element elementor-element-f948fd4\" data-id=\"f948fd4\" data-element_type=\"column\">\n\t\t\t<div class=\"elementor-widget-wrap elementor-element-populated\">\n\t\t\t\t\t\t\t\t<div class=\"elementor-element elementor-element-dfa0266 elementor-widget elementor-widget-image\" data-id=\"dfa0266\" data-element_type=\"widget\" data-widget_type=\"image.default\">\n\t\t\t\t<div class=\"elementor-widget-container\">\n\t\t\t\t\t\t\t\t\t\t\t\t\t\t\t<img loading=\"lazy\" decoding=\"async\" width=\"197\" height=\"256\" src=\"http:\/\/duszpasterstwopolskiewcork.ie\/wp-content\/uploads\/2024\/09\/Herb-LSO.jpg\" class=\"attachment-large size-large wp-image-7355\" alt=\"\" \/>\t\t\t\t\t\t\t\t\t\t\t\t\t\t\t<\/div>\n\t\t\t\t<\/div>\n\t\t\t\t\t<\/div>\n\t\t<\/div>\n\t\t\t\t\t\t\t<\/div>\n\t\t<\/section>\n\t\t\t\t<section class=\"elementor-section elementor-top-section elementor-element elementor-element-2b2b6a4 elementor-section-boxed elementor-section-height-default elementor-section-height-default\" data-id=\"2b2b6a4\" data-element_type=\"section\">\n\t\t\t\t\t\t<div class=\"elementor-container elementor-column-gap-default\">\n\t\t\t\t\t<div class=\"elementor-column elementor-col-100 elementor-top-column elementor-element elementor-element-4226d9f\" data-id=\"4226d9f\" data-element_type=\"column\">\n\t\t\t<div class=\"elementor-widget-wrap elementor-element-populated\">\n\t\t\t\t\t\t\t\t<div class=\"elementor-element elementor-element-8154756 elementor-widget elementor-widget-text-editor\" data-id=\"8154756\" data-element_type=\"widget\" data-widget_type=\"text-editor.default\">\n\t\t\t\t<div class=\"elementor-widget-container\">\n\t\t\t\t\t\t\t<p>Termin \u0142aci\u0144ski\u00a0<em>ministrare<\/em>\u00a0oznacza \u201es\u0142u\u017cy\u0107, pomaga\u0107\u201d.<\/p><p>S\u0142u\u017cymy Bogu, kiedy przyczyniamy si\u0119 do tego, aby liturgia by\u0142a pi\u0119kna. S\u0142owo &#8222;ministrant&#8221; wskazuje szczeg\u00f3lnie na s\u0142u\u017cb\u0119 we Mszy \u015awi\u0119tej.<br \/>Ministrant jest pomocnikiem przy sprawowaniu Mszy \u015awi\u0119tej i podczas innych nabo\u017ce\u0144stw liturgicznych.<\/p><ol class=\"wp-block-list\"><li><strong>Ministrant jest POMOCNIKIEM<\/strong> przy sprawowaniu Mszy \u015bwi\u0119tej i podczas innych nabo\u017ce\u0144stw liturgicznych. Ministrant us\u0142uguje kap\u0142anowi, gdy przygotowywany jest o\u0142tarz i dary ofiarne potrzebne do ofiary Mszy \u015awi\u0119tej.<\/li><li><strong>Ministrant jest tym, kt\u00f3ry NIESIE ZNAKI.<\/strong>\u00a0Ministrant niesie pewne okre\u015blone przedmioty, kt\u00f3re dla liturgii s\u0105 niezb\u0119dne. S\u0105 to przedmioty, kt\u00f3re dla liturgii maj\u0105 szczeg\u00f3lne znaczenie. One maj\u0105 ludziom wierz\u0105cym co\u015b przedstawi\u0107 i wskaza\u0107 na inn\u0105 rzeczywisto\u015b\u0107.<\/li><li><strong>Ministrant powinien sam by\u0107 ZNAKIEM.<\/strong>\u00a0Ministrant przez s\u0142u\u017cenie wskazuje, \u017ce ka\u017cde nabo\u017ce\u0144stwo liturgiczne sprawowane w ko\u015bciele, jest nie tylko spraw\u0105 prezbitera, lecz spraw\u0105 ca\u0142ej parafii i wszystkich wiernych!<\/li><li>Ministrant przez swoje s\u0142u\u017cenie pokazuje, \u017ce \u201euczestniczy\u0107 w liturgii\u201d &#8211; to nie tak jak w kinie albo przed telewizorem &#8211; tylko s\u0142ucha\u0107 czy ogl\u0105da\u0107! ,,Uczestniczy\u0107 w liturgii\u201d to znaczy tak\u017ce wsp\u00f3\u0142dzia\u0142a\u0107 i wsp\u00f3\u0142tworzy\u0107 j\u0105, czynnie si\u0119 w niej anga\u017cuj\u0105c!<\/li><\/ol>\t\t\t\t\t\t<\/div>\n\t\t\t\t<\/div>\n\t\t\t\t\t<\/div>\n\t\t<\/div>\n\t\t\t\t\t\t\t<\/div>\n\t\t<\/section>\n\t\t\t\t<section class=\"elementor-section elementor-top-section elementor-element elementor-element-ae722fc elementor-section-boxed elementor-section-height-default elementor-section-height-default\" data-id=\"ae722fc\" data-element_type=\"section\">\n\t\t\t\t\t\t<div class=\"elementor-container elementor-column-gap-default\">\n\t\t\t\t\t<div class=\"elementor-column elementor-col-100 elementor-top-column elementor-element elementor-element-a78a698\" data-id=\"a78a698\" data-element_type=\"column\">\n\t\t\t<div class=\"elementor-widget-wrap elementor-element-populated\">\n\t\t\t\t\t\t\t\t<div class=\"elementor-element elementor-element-db9da05 elementor-widget elementor-widget-text-editor\" data-id=\"db9da05\" data-element_type=\"widget\" data-widget_type=\"text-editor.default\">\n\t\t\t\t<div class=\"elementor-widget-container\">\n\t\t\t\t\t\t\t<p><strong>KARTA ZASAD MINISTRANTA<br \/><\/strong><\/p><ol><li>Ministrant kocha Boga i dla Jego chwa\u0142y wzorowo spe\u0142nia swoje obowi\u0105zki.<\/li><li>Ministrant s\u0142u\u017cy Chrystusowi w braciach.<\/li><li>Ministrant rozwija w sobie \u017cycie Bo\u017ce.<\/li><li>Ministrant pracuje nad swoim charakterem i czuwa nad czysto\u015bci\u0105 duszy.<\/li><li>Ministrant poznaje liturgi\u0119, szanuje liturgi\u0119 i \u017cyje ni\u0105.<\/li><li>Ministrant modli si\u0119 za Ko\u015bci\u00f3\u0142, za Ojczyzn\u0119 i s\u0142u\u017cy jej rzeteln\u0105 prac\u0105.<\/li><li>Ministrant jest dobrym synem i bratem.<\/li><li>Ministrant swoj\u0105 chrze\u015bcija\u0144sk\u0105 postaw\u0105 wnosi wsz\u0119dzie prawdziw\u0105 rado\u015b\u0107.<\/li><li>Ministrant przez swoj\u0105 pilno\u015b\u0107 i sumienno\u015b\u0107 staje si\u0119 przyk\u0142adem dla innych.<\/li><li>Ministrant podobnie jak kap\u0142an, stara si\u0119 by\u0107 niejako &#8222;drugim Chrystusem&#8221;.<\/li><\/ol>\t\t\t\t\t\t<\/div>\n\t\t\t\t<\/div>\n\t\t\t\t\t<\/div>\n\t\t<\/div>\n\t\t\t\t\t\t\t<\/div>\n\t\t<\/section>\n\t\t\t\t<section class=\"elementor-section elementor-top-section elementor-element elementor-element-9093b7c elementor-section-boxed elementor-section-height-default elementor-section-height-default\" data-id=\"9093b7c\" data-element_type=\"section\">\n\t\t\t\t\t\t<div class=\"elementor-container elementor-column-gap-default\">\n\t\t\t\t\t<div class=\"elementor-column elementor-col-100 elementor-top-column elementor-element elementor-element-ea0b281\" data-id=\"ea0b281\" data-element_type=\"column\">\n\t\t\t<div class=\"elementor-widget-wrap elementor-element-populated\">\n\t\t\t\t\t\t\t\t<div class=\"elementor-element elementor-element-4594e86 elementor-widget elementor-widget-spacer\" data-id=\"4594e86\" data-element_type=\"widget\" data-widget_type=\"spacer.default\">\n\t\t\t\t<div class=\"elementor-widget-container\">\n\t\t\t\t\t<div class=\"elementor-spacer\">\n\t\t\t<div class=\"elementor-spacer-inner\"><\/div>\n\t\t<\/div>\n\t\t\t\t<\/div>\n\t\t\t\t<\/div>\n\t\t\t\t\t<\/div>\n\t\t<\/div>\n\t\t\t\t\t\t\t<\/div>\n\t\t<\/section>\n\t\t\t\t<section class=\"elementor-section elementor-top-section elementor-element elementor-element-7912ddc elementor-section-boxed elementor-section-height-default elementor-section-height-default\" data-id=\"7912ddc\" data-element_type=\"section\">\n\t\t\t\t\t\t<div class=\"elementor-container elementor-column-gap-default\">\n\t\t\t\t\t<div class=\"elementor-column elementor-col-100 elementor-top-column elementor-element elementor-element-90ea2c6\" data-id=\"90ea2c6\" data-element_type=\"column\">\n\t\t\t<div class=\"elementor-widget-wrap elementor-element-populated\">\n\t\t\t\t\t\t\t\t<div class=\"elementor-element elementor-element-bce84fb elementor-widget elementor-widget-text-editor\" data-id=\"bce84fb\" data-element_type=\"widget\" data-widget_type=\"text-editor.default\">\n\t\t\t\t<div class=\"elementor-widget-container\">\n\t\t\t\t\t\t\t<p>Obecnie przy o\u0142tarzu na polskich Mszach \u015awi\u0119tych i nabo\u017ce\u0144stwach w ko\u015bciele Holy Cross, Mahon, Cork s\u0142u\u017cy ponad 10 ministrant\u00f3w.<\/p><p><strong>Spotkania dla ministrant\u00f3w, tzw. zbi\u00f3rki &#8211; w pi\u0105tki o godz. 18.30<\/strong> (po wcze\u015bniejszym zapowiedzeniu w Og\u0142oszeniach duszpasterskich)<\/p><p><strong>Opieka: \u0141ukasz i ks. Rafa\u0142<\/strong><\/p>\t\t\t\t\t\t<\/div>\n\t\t\t\t<\/div>\n\t\t\t\t\t<\/div>\n\t\t<\/div>\n\t\t\t\t\t\t\t<\/div>\n\t\t<\/section>\n\t\t\t\t\t\t\t<\/div>\n\t\t","protected":false},"excerpt":{"rendered":"<p>MINISTRANCI Termin \u0142aci\u0144ski\u00a0ministrare\u00a0oznacza \u201es\u0142u\u017cy\u0107, pomaga\u0107\u201d. S\u0142u\u017cymy Bogu, kiedy przyczyniamy si\u0119 do tego, aby liturgia by\u0142a pi\u0119kna. S\u0142owo &#8222;ministrant&#8221; wskazuje szczeg\u00f3lnie na s\u0142u\u017cb\u0119 we Mszy \u015awi\u0119tej.Ministrant jest pomocnikiem przy sprawowaniu Mszy \u015awi\u0119tej i podczas innych nabo\u017ce\u0144stw liturgicznych. Ministrant jest POMOCNIKIEM przy sprawowaniu Mszy \u015bwi\u0119tej i podczas innych nabo\u017ce\u0144stw liturgicznych. Ministrant us\u0142uguje&hellip;<\/p>\n","protected":false},"author":1,"featured_media":0,"parent":0,"menu_order":0,"comment_status":"closed","ping_status":"closed","template":"","meta":{"ngg_post_thumbnail":0,"footnotes":""},"class_list":["post-225","page","type-page","status-publish","hentry"],"_links":{"self":[{"href":"http:\/\/duszpasterstwopolskiewcork.ie\/index.php\/wp-json\/wp\/v2\/pages\/225","targetHints":{"allow":["GET"]}}],"collection":[{"href":"http:\/\/duszpasterstwopolskiewcork.ie\/index.php\/wp-json\/wp\/v2\/pages"}],"about":[{"href":"http:\/\/duszpasterstwopolskiewcork.ie\/index.php\/wp-json\/wp\/v2\/types\/page"}],"author":[{"embeddable":true,"href":"http:\/\/duszpasterstwopolskiewcork.ie\/index.php\/wp-json\/wp\/v2\/users\/1"}],"replies":[{"embeddable":true,"href":"http:\/\/duszpasterstwopolskiewcork.ie\/index.php\/wp-json\/wp\/v2\/comments?post=225"}],"version-history":[{"count":16,"href":"http:\/\/duszpasterstwopolskiewcork.ie\/index.php\/wp-json\/wp\/v2\/pages\/225\/revisions"}],"predecessor-version":[{"id":9332,"href":"http:\/\/duszpasterstwopolskiewcork.ie\/index.php\/wp-json\/wp\/v2\/pages\/225\/revisions\/9332"}],"wp:attachment":[{"href":"http:\/\/duszpasterstwopolskiewcork.ie\/index.php\/wp-json\/wp\/v2\/media?parent=225"}],"curies":[{"name":"wp","href":"https:\/\/api.w.org\/{rel}","templated":true}]}}