{"id":227,"date":"2021-06-15T22:50:06","date_gmt":"2021-06-15T20:50:06","guid":{"rendered":"http:\/\/duszpasterstwopolskiewcork.ie\/?page_id=227"},"modified":"2025-04-30T23:43:20","modified_gmt":"2025-04-30T21:43:20","slug":"dziewczeca-sluzba-maryjna","status":"publish","type":"page","link":"http:\/\/duszpasterstwopolskiewcork.ie\/index.php\/dziewczeca-sluzba-maryjna\/","title":{"rendered":"Dziewcz\u0119ca S\u0142u\u017cba Maryjna"},"content":{"rendered":"\t\t<div data-elementor-type=\"wp-page\" data-elementor-id=\"227\" class=\"elementor elementor-227\">\n\t\t\t\t\t\t\t\t\t<section class=\"elementor-section elementor-top-section elementor-element elementor-element-3c0c0ba elementor-section-boxed elementor-section-height-default elementor-section-height-default\" data-id=\"3c0c0ba\" data-element_type=\"section\">\n\t\t\t\t\t\t<div class=\"elementor-container elementor-column-gap-default\">\n\t\t\t\t\t<div class=\"elementor-column elementor-col-100 elementor-top-column elementor-element elementor-element-195f011\" data-id=\"195f011\" data-element_type=\"column\">\n\t\t\t<div class=\"elementor-widget-wrap elementor-element-populated\">\n\t\t\t\t\t\t\t\t<div class=\"elementor-element elementor-element-b8628fa elementor-widget elementor-widget-heading\" data-id=\"b8628fa\" data-element_type=\"widget\" data-widget_type=\"heading.default\">\n\t\t\t\t<div class=\"elementor-widget-container\">\n\t\t\t<h2 class=\"elementor-heading-title elementor-size-default\">DZIEWCZ\u0118CA S\u0141U\u017bBA MARYJNA<\/h2>\t\t<\/div>\n\t\t\t\t<\/div>\n\t\t\t\t\t<\/div>\n\t\t<\/div>\n\t\t\t\t\t\t\t<\/div>\n\t\t<\/section>\n\t\t\t\t<section class=\"elementor-section elementor-top-section elementor-element elementor-element-3a37d15 elementor-section-boxed elementor-section-height-default elementor-section-height-default\" data-id=\"3a37d15\" data-element_type=\"section\">\n\t\t\t\t\t\t<div class=\"elementor-container elementor-column-gap-default\">\n\t\t\t\t\t<div class=\"elementor-column elementor-col-100 elementor-top-column elementor-element elementor-element-c770dfa\" data-id=\"c770dfa\" data-element_type=\"column\">\n\t\t\t<div class=\"elementor-widget-wrap elementor-element-populated\">\n\t\t\t\t\t\t\t\t<div class=\"elementor-element elementor-element-3cf691a elementor-widget elementor-widget-image\" data-id=\"3cf691a\" data-element_type=\"widget\" data-widget_type=\"image.default\">\n\t\t\t\t<div class=\"elementor-widget-container\">\n\t\t\t\t\t\t\t\t\t\t\t\t\t\t\t<img loading=\"lazy\" decoding=\"async\" width=\"640\" height=\"640\" src=\"http:\/\/duszpasterstwopolskiewcork.ie\/wp-content\/uploads\/2024\/09\/Herb-DSM.jpg\" class=\"attachment-large size-large wp-image-7365\" alt=\"\" srcset=\"http:\/\/duszpasterstwopolskiewcork.ie\/wp-content\/uploads\/2024\/09\/Herb-DSM.jpg 800w, http:\/\/duszpasterstwopolskiewcork.ie\/wp-content\/uploads\/2024\/09\/Herb-DSM-300x300.jpg 300w, http:\/\/duszpasterstwopolskiewcork.ie\/wp-content\/uploads\/2024\/09\/Herb-DSM-150x150.jpg 150w, http:\/\/duszpasterstwopolskiewcork.ie\/wp-content\/uploads\/2024\/09\/Herb-DSM-768x768.jpg 768w, http:\/\/duszpasterstwopolskiewcork.ie\/wp-content\/uploads\/2024\/09\/Herb-DSM-475x475.jpg 475w\" sizes=\"auto, (max-width: 640px) 100vw, 640px\" \/>\t\t\t\t\t\t\t\t\t\t\t\t\t\t\t<\/div>\n\t\t\t\t<\/div>\n\t\t\t\t\t<\/div>\n\t\t<\/div>\n\t\t\t\t\t\t\t<\/div>\n\t\t<\/section>\n\t\t\t\t<section class=\"elementor-section elementor-top-section elementor-element elementor-element-94e5457 elementor-section-boxed elementor-section-height-default elementor-section-height-default\" data-id=\"94e5457\" data-element_type=\"section\">\n\t\t\t\t\t\t<div class=\"elementor-container elementor-column-gap-default\">\n\t\t\t\t\t<div class=\"elementor-column elementor-col-100 elementor-top-column elementor-element elementor-element-3437565\" data-id=\"3437565\" data-element_type=\"column\">\n\t\t\t<div class=\"elementor-widget-wrap elementor-element-populated\">\n\t\t\t\t\t\t\t\t<div class=\"elementor-element elementor-element-827416b elementor-widget elementor-widget-text-editor\" data-id=\"827416b\" data-element_type=\"widget\" data-widget_type=\"text-editor.default\">\n\t\t\t\t<div class=\"elementor-widget-container\">\n\t\t\t\t\t\t\t<p>Dziewcz\u0119ca S\u0142u\u017cba Maryjna to dziewcz\u0119ta, kt\u00f3re swoim \u017cyciem i post\u0119powaniem chc\u0105 na\u015bladowa\u0107 Maryj\u0119 oraz nie\u015b\u0107 rado\u015b\u0107 w ka\u017cde miejsce, do kt\u00f3rego si\u0119 udadz\u0105. Pod okiem Opiekun\u00f3w pog\u0142\u0119biaj\u0105 swoj\u0105 wiar\u0119 oraz rozwijaj\u0105 r\u00f3\u017cnorodne zdolno\u015bci.<\/p><p>Podczas Mszy \u015awi\u0119tych po polsku w ko\u015bciele HOLY CROSS, Mahon, Cork do ich g\u0142\u00f3wnych zada\u0144 nale\u017cy czytanie Modlitwy wiernych oraz niesienie do o\u0142tarza dar\u00f3w chleba i wina. Anga\u017cuj\u0105 si\u0119 te\u017c w pomoc podczas innych nabo\u017ce\u0144stw.<\/p>\t\t\t\t\t\t<\/div>\n\t\t\t\t<\/div>\n\t\t\t\t\t<\/div>\n\t\t<\/div>\n\t\t\t\t\t\t\t<\/div>\n\t\t<\/section>\n\t\t\t\t<section class=\"elementor-section elementor-top-section elementor-element elementor-element-ab224fe elementor-section-boxed elementor-section-height-default elementor-section-height-default\" data-id=\"ab224fe\" data-element_type=\"section\">\n\t\t\t\t\t\t<div class=\"elementor-container elementor-column-gap-default\">\n\t\t\t\t\t<div class=\"elementor-column elementor-col-100 elementor-top-column elementor-element elementor-element-b48a814\" data-id=\"b48a814\" data-element_type=\"column\">\n\t\t\t<div class=\"elementor-widget-wrap elementor-element-populated\">\n\t\t\t\t\t\t\t\t<div class=\"elementor-element elementor-element-d631667 elementor-widget elementor-widget-text-editor\" data-id=\"d631667\" data-element_type=\"widget\" data-widget_type=\"text-editor.default\">\n\t\t\t\t<div class=\"elementor-widget-container\">\n\t\t\t\t\t\t\t<p>Obecnie w grupie Dziewcz\u0119cej S\u0142u\u017cby Maryjnej jest kilkana\u015bcie dziewcz\u0105t.<\/p><p><strong>Spotkania DSM-u odbywaj\u0105 si\u0119 w pi\u0105tki o godz. 18.30<\/strong> (po wcze\u015bniejszym zapowiedzeniu w Og\u0142oszeniach duszpasterskich)<\/p><p><strong>Opieka: ASIA I DOMINIKA<\/strong><\/p>\t\t\t\t\t\t<\/div>\n\t\t\t\t<\/div>\n\t\t\t\t\t<\/div>\n\t\t<\/div>\n\t\t\t\t\t\t\t<\/div>\n\t\t<\/section>\n\t\t\t\t\t\t\t<\/div>\n\t\t","protected":false},"excerpt":{"rendered":"<p>DZIEWCZ\u0118CA S\u0141U\u017bBA MARYJNA Dziewcz\u0119ca S\u0142u\u017cba Maryjna to dziewcz\u0119ta, kt\u00f3re swoim \u017cyciem i post\u0119powaniem chc\u0105 na\u015bladowa\u0107 Maryj\u0119 oraz nie\u015b\u0107 rado\u015b\u0107 w ka\u017cde miejsce, do kt\u00f3rego si\u0119 udadz\u0105. Pod okiem Opiekun\u00f3w pog\u0142\u0119biaj\u0105 swoj\u0105 wiar\u0119 oraz rozwijaj\u0105 r\u00f3\u017cnorodne zdolno\u015bci. Podczas Mszy \u015awi\u0119tych po polsku w ko\u015bciele HOLY CROSS, Mahon, Cork do ich g\u0142\u00f3wnych&hellip;<\/p>\n","protected":false},"author":1,"featured_media":0,"parent":0,"menu_order":0,"comment_status":"closed","ping_status":"closed","template":"","meta":{"ngg_post_thumbnail":0,"footnotes":""},"class_list":["post-227","page","type-page","status-publish","hentry"],"_links":{"self":[{"href":"http:\/\/duszpasterstwopolskiewcork.ie\/index.php\/wp-json\/wp\/v2\/pages\/227","targetHints":{"allow":["GET"]}}],"collection":[{"href":"http:\/\/duszpasterstwopolskiewcork.ie\/index.php\/wp-json\/wp\/v2\/pages"}],"about":[{"href":"http:\/\/duszpasterstwopolskiewcork.ie\/index.php\/wp-json\/wp\/v2\/types\/page"}],"author":[{"embeddable":true,"href":"http:\/\/duszpasterstwopolskiewcork.ie\/index.php\/wp-json\/wp\/v2\/users\/1"}],"replies":[{"embeddable":true,"href":"http:\/\/duszpasterstwopolskiewcork.ie\/index.php\/wp-json\/wp\/v2\/comments?post=227"}],"version-history":[{"count":16,"href":"http:\/\/duszpasterstwopolskiewcork.ie\/index.php\/wp-json\/wp\/v2\/pages\/227\/revisions"}],"predecessor-version":[{"id":9329,"href":"http:\/\/duszpasterstwopolskiewcork.ie\/index.php\/wp-json\/wp\/v2\/pages\/227\/revisions\/9329"}],"wp:attachment":[{"href":"http:\/\/duszpasterstwopolskiewcork.ie\/index.php\/wp-json\/wp\/v2\/media?parent=227"}],"curies":[{"name":"wp","href":"https:\/\/api.w.org\/{rel}","templated":true}]}}