{"id":297,"date":"2021-06-16T21:33:06","date_gmt":"2021-06-16T19:33:06","guid":{"rendered":"http:\/\/duszpasterstwopolskiewcork.ie\/?page_id=297"},"modified":"2024-09-05T18:01:45","modified_gmt":"2024-09-05T16:01:45","slug":"grupy-muzyczne","status":"publish","type":"page","link":"http:\/\/duszpasterstwopolskiewcork.ie\/index.php\/grupy-muzyczne\/","title":{"rendered":"Grupy muzyczne"},"content":{"rendered":"\t\t<div data-elementor-type=\"wp-page\" data-elementor-id=\"297\" class=\"elementor elementor-297\">\n\t\t\t\t\t\t\t\t\t<section class=\"elementor-section elementor-top-section elementor-element elementor-element-969fcf8 elementor-section-boxed elementor-section-height-default elementor-section-height-default\" data-id=\"969fcf8\" data-element_type=\"section\">\n\t\t\t\t\t\t<div class=\"elementor-container elementor-column-gap-default\">\n\t\t\t\t\t<div class=\"elementor-column elementor-col-100 elementor-top-column elementor-element elementor-element-389343d\" data-id=\"389343d\" data-element_type=\"column\">\n\t\t\t<div class=\"elementor-widget-wrap elementor-element-populated\">\n\t\t\t\t\t\t\t\t<div class=\"elementor-element elementor-element-5e72acc elementor-widget elementor-widget-heading\" data-id=\"5e72acc\" data-element_type=\"widget\" data-widget_type=\"heading.default\">\n\t\t\t\t<div class=\"elementor-widget-container\">\n\t\t\t<h2 class=\"elementor-heading-title elementor-size-default\">GRUPY MUZYCZNE<\/h2>\t\t<\/div>\n\t\t\t\t<\/div>\n\t\t\t\t\t<\/div>\n\t\t<\/div>\n\t\t\t\t\t\t\t<\/div>\n\t\t<\/section>\n\t\t\t\t<section class=\"elementor-section elementor-top-section elementor-element elementor-element-df3d1fc elementor-section-boxed elementor-section-height-default elementor-section-height-default\" data-id=\"df3d1fc\" data-element_type=\"section\">\n\t\t\t\t\t\t<div class=\"elementor-container elementor-column-gap-default\">\n\t\t\t\t\t<div class=\"elementor-column elementor-col-100 elementor-top-column elementor-element elementor-element-822b941\" data-id=\"822b941\" data-element_type=\"column\">\n\t\t\t<div class=\"elementor-widget-wrap elementor-element-populated\">\n\t\t\t\t\t\t\t\t<div class=\"elementor-element elementor-element-c69bcc3 elementor-widget elementor-widget-text-editor\" data-id=\"c69bcc3\" data-element_type=\"widget\" data-widget_type=\"text-editor.default\">\n\t\t\t\t<div class=\"elementor-widget-container\">\n\t\t\t\t\t\t\t<p>Muzyka stanowi istotn\u0105 i integraln\u0105 cz\u0119\u015b\u0107 liturgii. Pi\u0119kny \u015bpiew i gra na instrumentach pomagaj\u0105 wej\u015b\u0107 w g\u0142\u0119bi\u0119 prze\u017cywanych misteri\u00f3w.<\/p><p>Obecnie w naszej wsp\u00f3lnocie dzia\u0142aj\u0105:<\/p><ul><li><strong>Schola liturgiczna<\/strong><\/li><li><strong>Schola dzieci\u0119ca<\/strong> (tymczasowo zawieszona)<\/li><\/ul><p>Opraw\u0119 muzyczn\u0105 niekt\u00f3rych nabo\u017ce\u0144stw i Mszy \u015awi\u0119tych przygotowuj\u0105 czasem diakonie muzyczne poszczeg\u00f3lnych wsp\u00f3lnot &#8211; DK, SNE, Galilei.<\/p><p><strong>Kontakt:<\/strong> Filip (organista)<\/p>\t\t\t\t\t\t<\/div>\n\t\t\t\t<\/div>\n\t\t\t\t\t<\/div>\n\t\t<\/div>\n\t\t\t\t\t\t\t<\/div>\n\t\t<\/section>\n\t\t\t\t\t\t\t<\/div>\n\t\t","protected":false},"excerpt":{"rendered":"<p>GRUPY MUZYCZNE Muzyka stanowi istotn\u0105 i integraln\u0105 cz\u0119\u015b\u0107 liturgii. Pi\u0119kny \u015bpiew i gra na instrumentach pomagaj\u0105 wej\u015b\u0107 w g\u0142\u0119bi\u0119 prze\u017cywanych misteri\u00f3w. Obecnie w naszej wsp\u00f3lnocie dzia\u0142aj\u0105: Schola liturgiczna Schola dzieci\u0119ca (tymczasowo zawieszona) Opraw\u0119 muzyczn\u0105 niekt\u00f3rych nabo\u017ce\u0144stw i Mszy \u015awi\u0119tych przygotowuj\u0105 czasem diakonie muzyczne poszczeg\u00f3lnych wsp\u00f3lnot &#8211; DK, SNE, Galilei. Kontakt:&hellip;<\/p>\n","protected":false},"author":1,"featured_media":0,"parent":0,"menu_order":0,"comment_status":"closed","ping_status":"closed","template":"","meta":{"ngg_post_thumbnail":0,"footnotes":""},"class_list":["post-297","page","type-page","status-publish","hentry"],"_links":{"self":[{"href":"http:\/\/duszpasterstwopolskiewcork.ie\/index.php\/wp-json\/wp\/v2\/pages\/297","targetHints":{"allow":["GET"]}}],"collection":[{"href":"http:\/\/duszpasterstwopolskiewcork.ie\/index.php\/wp-json\/wp\/v2\/pages"}],"about":[{"href":"http:\/\/duszpasterstwopolskiewcork.ie\/index.php\/wp-json\/wp\/v2\/types\/page"}],"author":[{"embeddable":true,"href":"http:\/\/duszpasterstwopolskiewcork.ie\/index.php\/wp-json\/wp\/v2\/users\/1"}],"replies":[{"embeddable":true,"href":"http:\/\/duszpasterstwopolskiewcork.ie\/index.php\/wp-json\/wp\/v2\/comments?post=297"}],"version-history":[{"count":10,"href":"http:\/\/duszpasterstwopolskiewcork.ie\/index.php\/wp-json\/wp\/v2\/pages\/297\/revisions"}],"predecessor-version":[{"id":7434,"href":"http:\/\/duszpasterstwopolskiewcork.ie\/index.php\/wp-json\/wp\/v2\/pages\/297\/revisions\/7434"}],"wp:attachment":[{"href":"http:\/\/duszpasterstwopolskiewcork.ie\/index.php\/wp-json\/wp\/v2\/media?parent=297"}],"curies":[{"name":"wp","href":"https:\/\/api.w.org\/{rel}","templated":true}]}}