{"id":9989,"date":"2025-06-04T18:10:41","date_gmt":"2025-06-04T16:10:41","guid":{"rendered":"https:\/\/duszpasterstwopolskiewcork.ie\/?page_id=9989"},"modified":"2025-06-04T18:15:04","modified_gmt":"2025-06-04T16:15:04","slug":"zeslanie-ducha-swietego","status":"publish","type":"page","link":"http:\/\/duszpasterstwopolskiewcork.ie\/index.php\/zeslanie-ducha-swietego\/","title":{"rendered":"Zes\u0142anie Ducha \u015awi\u0119tego"},"content":{"rendered":"\t\t<div data-elementor-type=\"wp-page\" data-elementor-id=\"9989\" class=\"elementor elementor-9989\">\n\t\t\t\t\t\t\t\t\t<section class=\"elementor-section elementor-top-section elementor-element elementor-element-729603d elementor-section-boxed elementor-section-height-default elementor-section-height-default\" data-id=\"729603d\" data-element_type=\"section\">\n\t\t\t\t\t\t<div class=\"elementor-container elementor-column-gap-default\">\n\t\t\t\t\t<div class=\"elementor-column elementor-col-100 elementor-top-column elementor-element elementor-element-9b49851\" data-id=\"9b49851\" data-element_type=\"column\">\n\t\t\t<div class=\"elementor-widget-wrap elementor-element-populated\">\n\t\t\t\t\t\t\t\t<div class=\"elementor-element elementor-element-e01ef98 elementor-widget elementor-widget-read-more\" data-id=\"e01ef98\" data-element_type=\"widget\" data-widget_type=\"read-more.default\">\n\t\t\t\t<div class=\"elementor-widget-container\">\n\t\t\t<\/div><\/div><\/div><\/div><\/div><\/section><\/div> <a href=\"http:\/\/duszpasterstwopolskiewcork.ie\/index.php\/zeslanie-ducha-swietego\/#more-9989\" class=\"more-link elementor-more-link\"><span aria-label=\"Czytaj dalej Zes\u0142anie Ducha \u015awi\u0119tego\">Czytaj dalej<\/span><\/a>","protected":false},"excerpt":{"rendered":"","protected":false},"author":1,"featured_media":0,"parent":0,"menu_order":0,"comment_status":"closed","ping_status":"closed","template":"","meta":{"ngg_post_thumbnail":0,"footnotes":""},"class_list":["post-9989","page","type-page","status-publish","hentry"],"_links":{"self":[{"href":"http:\/\/duszpasterstwopolskiewcork.ie\/index.php\/wp-json\/wp\/v2\/pages\/9989","targetHints":{"allow":["GET"]}}],"collection":[{"href":"http:\/\/duszpasterstwopolskiewcork.ie\/index.php\/wp-json\/wp\/v2\/pages"}],"about":[{"href":"http:\/\/duszpasterstwopolskiewcork.ie\/index.php\/wp-json\/wp\/v2\/types\/page"}],"author":[{"embeddable":true,"href":"http:\/\/duszpasterstwopolskiewcork.ie\/index.php\/wp-json\/wp\/v2\/users\/1"}],"replies":[{"embeddable":true,"href":"http:\/\/duszpasterstwopolskiewcork.ie\/index.php\/wp-json\/wp\/v2\/comments?post=9989"}],"version-history":[{"count":7,"href":"http:\/\/duszpasterstwopolskiewcork.ie\/index.php\/wp-json\/wp\/v2\/pages\/9989\/revisions"}],"predecessor-version":[{"id":9997,"href":"http:\/\/duszpasterstwopolskiewcork.ie\/index.php\/wp-json\/wp\/v2\/pages\/9989\/revisions\/9997"}],"wp:attachment":[{"href":"http:\/\/duszpasterstwopolskiewcork.ie\/index.php\/wp-json\/wp\/v2\/media?parent=9989"}],"curies":[{"name":"wp","href":"https:\/\/api.w.org\/{rel}","templated":true}]}}