{"id":2064,"date":"2022-04-09T09:11:12","date_gmt":"2022-04-09T07:11:12","guid":{"rendered":"https:\/\/duszpasterstwopolskiewcork.ie\/?page_id=2064"},"modified":"2024-03-12T20:19:58","modified_gmt":"2024-03-12T19:19:58","slug":"blogoslawienstwo-pokarmow","status":"publish","type":"page","link":"https:\/\/duszpasterstwopolskiewcork.ie\/index.php\/blogoslawienstwo-pokarmow\/","title":{"rendered":"B\u0142ogos\u0142awie\u0144stwo pokarm\u00f3w"},"content":{"rendered":"\t\t<div data-elementor-type=\"wp-page\" data-elementor-id=\"2064\" class=\"elementor elementor-2064\">\n\t\t\t\t\t\t\t\t\t<section class=\"elementor-section elementor-top-section elementor-element elementor-element-c6c4745 elementor-section-boxed elementor-section-height-default elementor-section-height-default\" data-id=\"c6c4745\" data-element_type=\"section\">\n\t\t\t\t\t\t<div class=\"elementor-container elementor-column-gap-default\">\n\t\t\t\t\t<div class=\"elementor-column elementor-col-100 elementor-top-column elementor-element elementor-element-0e6b46f\" data-id=\"0e6b46f\" data-element_type=\"column\">\n\t\t\t<div class=\"elementor-widget-wrap elementor-element-populated\">\n\t\t\t\t\t\t\t\t<div class=\"elementor-element elementor-element-1af853a elementor-widget elementor-widget-read-more\" data-id=\"1af853a\" data-element_type=\"widget\" data-widget_type=\"read-more.default\">\n\t\t\t\t<div class=\"elementor-widget-container\">\n\t\t\t<\/div><\/div><\/div><\/div><\/div><\/section><\/div> <a href=\"https:\/\/duszpasterstwopolskiewcork.ie\/index.php\/blogoslawienstwo-pokarmow\/#more-2064\" class=\"more-link elementor-more-link\"><span aria-label=\"Czytaj dalej B\u0142ogos\u0142awie\u0144stwo pokarm\u00f3w\">Czytaj dalej<\/span><\/a>","protected":false},"excerpt":{"rendered":"","protected":false},"author":1,"featured_media":2079,"parent":0,"menu_order":0,"comment_status":"closed","ping_status":"closed","template":"","meta":{"ngg_post_thumbnail":0,"footnotes":""},"class_list":["post-2064","page","type-page","status-publish","has-post-thumbnail","hentry"],"_links":{"self":[{"href":"https:\/\/duszpasterstwopolskiewcork.ie\/index.php\/wp-json\/wp\/v2\/pages\/2064","targetHints":{"allow":["GET"]}}],"collection":[{"href":"https:\/\/duszpasterstwopolskiewcork.ie\/index.php\/wp-json\/wp\/v2\/pages"}],"about":[{"href":"https:\/\/duszpasterstwopolskiewcork.ie\/index.php\/wp-json\/wp\/v2\/types\/page"}],"author":[{"embeddable":true,"href":"https:\/\/duszpasterstwopolskiewcork.ie\/index.php\/wp-json\/wp\/v2\/users\/1"}],"replies":[{"embeddable":true,"href":"https:\/\/duszpasterstwopolskiewcork.ie\/index.php\/wp-json\/wp\/v2\/comments?post=2064"}],"version-history":[{"count":32,"href":"https:\/\/duszpasterstwopolskiewcork.ie\/index.php\/wp-json\/wp\/v2\/pages\/2064\/revisions"}],"predecessor-version":[{"id":6844,"href":"https:\/\/duszpasterstwopolskiewcork.ie\/index.php\/wp-json\/wp\/v2\/pages\/2064\/revisions\/6844"}],"wp:featuredmedia":[{"embeddable":true,"href":"https:\/\/duszpasterstwopolskiewcork.ie\/index.php\/wp-json\/wp\/v2\/media\/2079"}],"wp:attachment":[{"href":"https:\/\/duszpasterstwopolskiewcork.ie\/index.php\/wp-json\/wp\/v2\/media?parent=2064"}],"curies":[{"name":"wp","href":"https:\/\/api.w.org\/{rel}","templated":true}]}}