{"id":273,"date":"2021-06-16T21:26:36","date_gmt":"2021-06-16T19:26:36","guid":{"rendered":"http:\/\/duszpasterstwopolskiewcork.ie\/?page_id=273"},"modified":"2025-02-15T19:59:52","modified_gmt":"2025-02-15T18:59:52","slug":"bierzmowanie","status":"publish","type":"page","link":"https:\/\/duszpasterstwopolskiewcork.ie\/index.php\/bierzmowanie\/","title":{"rendered":"Bierzmowanie"},"content":{"rendered":"\t\t<div data-elementor-type=\"wp-page\" data-elementor-id=\"273\" class=\"elementor elementor-273\">\n\t\t\t\t\t\t\t\t\t<section class=\"elementor-section elementor-top-section elementor-element elementor-element-c1b61dd elementor-section-boxed elementor-section-height-default elementor-section-height-default\" data-id=\"c1b61dd\" data-element_type=\"section\">\n\t\t\t\t\t\t<div class=\"elementor-container elementor-column-gap-default\">\n\t\t\t\t\t<div class=\"elementor-column elementor-col-100 elementor-top-column elementor-element elementor-element-ce94283\" data-id=\"ce94283\" data-element_type=\"column\">\n\t\t\t<div class=\"elementor-widget-wrap elementor-element-populated\">\n\t\t\t\t\t\t\t\t<div class=\"elementor-element elementor-element-fde560e elementor-widget elementor-widget-heading\" data-id=\"fde560e\" data-element_type=\"widget\" data-widget_type=\"heading.default\">\n\t\t\t\t<div class=\"elementor-widget-container\">\n\t\t\t<h2 class=\"elementor-heading-title elementor-size-default\">BIERZMOWANIE<\/h2>\t\t<\/div>\n\t\t\t\t<\/div>\n\t\t\t\t\t<\/div>\n\t\t<\/div>\n\t\t\t\t\t\t\t<\/div>\n\t\t<\/section>\n\t\t\t\t<section class=\"elementor-section elementor-top-section elementor-element elementor-element-fc4c87e elementor-section-boxed elementor-section-height-default elementor-section-height-default\" data-id=\"fc4c87e\" data-element_type=\"section\">\n\t\t\t\t\t\t<div class=\"elementor-container elementor-column-gap-default\">\n\t\t\t\t\t<div class=\"elementor-column elementor-col-100 elementor-top-column elementor-element elementor-element-57dd72b\" data-id=\"57dd72b\" data-element_type=\"column\">\n\t\t\t<div class=\"elementor-widget-wrap elementor-element-populated\">\n\t\t\t\t\t\t\t\t<div class=\"elementor-element elementor-element-d766352 elementor-widget elementor-widget-text-editor\" data-id=\"d766352\" data-element_type=\"widget\" data-widget_type=\"text-editor.default\">\n\t\t\t\t<div class=\"elementor-widget-container\">\n\t\t\t\t\t\t\t<p>&#8222;Kiedy Aposto\u0142owie w Jerozolimie dowiedzieli si\u0119, \u017ce Samaria przyj\u0119\u0142a s\u0142owo Bo\u017ce, wys\u0142ali do niej Piotra i Jana, kt\u00f3rzy przyszli i modlili si\u0119 za nich, aby mogli otrzyma\u0107 Ducha \u015awi\u0119tego. Bo na \u017cadnego z nich jeszcze nie zst\u0105pi\u0142. Byli jedynie ochrzczeni w imi\u0119 Pana Jezusa. Wtedy wi\u0119c wk\u0142adali Aposto\u0142owie na nich r\u0119ce, a oni otrzymywali Ducha \u015awi\u0119tego&#8221; (Dz 8,14\u201317)<\/p><p><strong>Katechizm Ko\u015bcio\u0142a Katolickiego o bierzmowaniu (KKK 1316-1317):<\/strong><\/p><p class=\"kkk\"><em>Bierzmowanie udoskonala \u0142ask\u0119 chrztu; jest ono sakramentem, kt\u00f3ry daje Ducha \u015awi\u0119tego, aby g\u0142\u0119biej zakorzeni\u0107 nas w synostwie Bo\u017cym, \u015bci\u015blej wszczepi\u0107 w Chrystusa, umocni\u0107 nasz\u0105 wi\u0119\u017a z Ko\u015bcio\u0142em, w\u0142\u0105czy\u0107 nas bardziej do jego pos\u0142ania i pom\u00f3c w \u015bwiadczeniu o wierze chrze\u015bcija\u0144skiej s\u0142owem, kt\u00f3remu towarzysz\u0105 czyny.<\/em><\/p><p class=\"kkk\"><em>Bierzmowanie podobnie jak chrzest wyciska w duszy chrze\u015bcijanina duchowe znami\u0119, czyli niezatarty charakter. Dlatego ten sakrament mo\u017cna przyj\u0105\u0107 tylko raz w \u017cyciu.<\/em><\/p>\t\t\t\t\t\t<\/div>\n\t\t\t\t<\/div>\n\t\t\t\t\t<\/div>\n\t\t<\/div>\n\t\t\t\t\t\t\t<\/div>\n\t\t<\/section>\n\t\t\t\t<section class=\"elementor-section elementor-top-section elementor-element elementor-element-4f1f7a0 elementor-section-boxed elementor-section-height-default elementor-section-height-default\" data-id=\"4f1f7a0\" data-element_type=\"section\">\n\t\t\t\t\t\t<div class=\"elementor-container elementor-column-gap-default\">\n\t\t\t\t\t<div class=\"elementor-column elementor-col-100 elementor-top-column elementor-element elementor-element-d79cc65\" data-id=\"d79cc65\" data-element_type=\"column\">\n\t\t\t<div class=\"elementor-widget-wrap elementor-element-populated\">\n\t\t\t\t\t\t\t\t<div class=\"elementor-element elementor-element-67381be elementor-widget-divider--view-line elementor-widget elementor-widget-divider\" data-id=\"67381be\" data-element_type=\"widget\" data-widget_type=\"divider.default\">\n\t\t\t\t<div class=\"elementor-widget-container\">\n\t\t\t\t\t<div class=\"elementor-divider\">\n\t\t\t<span class=\"elementor-divider-separator\">\n\t\t\t\t\t\t<\/span>\n\t\t<\/div>\n\t\t\t\t<\/div>\n\t\t\t\t<\/div>\n\t\t\t\t\t<\/div>\n\t\t<\/div>\n\t\t\t\t\t\t\t<\/div>\n\t\t<\/section>\n\t\t\t\t<section class=\"elementor-section elementor-top-section elementor-element elementor-element-b8a4cf4 elementor-section-boxed elementor-section-height-default elementor-section-height-default\" data-id=\"b8a4cf4\" data-element_type=\"section\">\n\t\t\t\t\t\t<div class=\"elementor-container elementor-column-gap-default\">\n\t\t\t\t\t<div class=\"elementor-column elementor-col-100 elementor-top-column elementor-element elementor-element-c8052e1\" data-id=\"c8052e1\" data-element_type=\"column\">\n\t\t\t<div class=\"elementor-widget-wrap elementor-element-populated\">\n\t\t\t\t\t\t\t\t<div class=\"elementor-element elementor-element-a59183e elementor-widget elementor-widget-text-editor\" data-id=\"a59183e\" data-element_type=\"widget\" data-widget_type=\"text-editor.default\">\n\t\t\t\t<div class=\"elementor-widget-container\">\n\t\t\t\t\t\t\t<p>Zasadniczo do sakramentu bierzmowania w Irlandii dzieci polskie przyst\u0119puj\u0105 wraz ze swoimi r\u00f3wie\u015bnikami ze szko\u0142y irlandzkiej, do kt\u00f3rej ucz\u0119szczaj\u0105 &#8211; w klasie VI. Tam przechodz\u0105 ca\u0142y proces przygotowania do przyj\u0119cia tego sakramentu.<\/p><p>Ch\u0119tnych do przyj\u0119cia sakramentu bierzmowania prosimy o kontakt z ksi\u0119dzem Bartkiem lub ksi\u0119dzem Rafa\u0142em.<\/p>\t\t\t\t\t\t<\/div>\n\t\t\t\t<\/div>\n\t\t\t\t\t<\/div>\n\t\t<\/div>\n\t\t\t\t\t\t\t<\/div>\n\t\t<\/section>\n\t\t\t\t<section class=\"elementor-section elementor-top-section elementor-element elementor-element-508c288 elementor-section-boxed elementor-section-height-default elementor-section-height-default\" data-id=\"508c288\" data-element_type=\"section\">\n\t\t\t\t\t\t<div class=\"elementor-container elementor-column-gap-default\">\n\t\t\t\t\t<div class=\"elementor-column elementor-col-100 elementor-top-column elementor-element elementor-element-cfcbe39\" data-id=\"cfcbe39\" data-element_type=\"column\">\n\t\t\t<div class=\"elementor-widget-wrap elementor-element-populated\">\n\t\t\t\t\t\t\t\t<div class=\"elementor-element elementor-element-689b209 elementor-widget elementor-widget-text-editor\" data-id=\"689b209\" data-element_type=\"widget\" data-widget_type=\"text-editor.default\">\n\t\t\t\t<div class=\"elementor-widget-container\">\n\t\t\t\t\t\t\t\t\t\t\t\t\t<\/div>\n\t\t\t\t<\/div>\n\t\t\t\t\t<\/div>\n\t\t<\/div>\n\t\t\t\t\t\t\t<\/div>\n\t\t<\/section>\n\t\t\t\t\t\t\t<\/div>\n\t\t","protected":false},"excerpt":{"rendered":"<p>BIERZMOWANIE &#8222;Kiedy Aposto\u0142owie w Jerozolimie dowiedzieli si\u0119, \u017ce Samaria przyj\u0119\u0142a s\u0142owo Bo\u017ce, wys\u0142ali do niej Piotra i Jana, kt\u00f3rzy przyszli i modlili si\u0119 za nich, aby mogli otrzyma\u0107 Ducha \u015awi\u0119tego. Bo na \u017cadnego z nich jeszcze nie zst\u0105pi\u0142. Byli jedynie ochrzczeni w imi\u0119 Pana Jezusa. Wtedy wi\u0119c wk\u0142adali Aposto\u0142owie na&hellip;<\/p>\n","protected":false},"author":1,"featured_media":8750,"parent":0,"menu_order":0,"comment_status":"closed","ping_status":"closed","template":"","meta":{"ngg_post_thumbnail":0,"footnotes":""},"class_list":["post-273","page","type-page","status-publish","has-post-thumbnail","hentry"],"_links":{"self":[{"href":"https:\/\/duszpasterstwopolskiewcork.ie\/index.php\/wp-json\/wp\/v2\/pages\/273","targetHints":{"allow":["GET"]}}],"collection":[{"href":"https:\/\/duszpasterstwopolskiewcork.ie\/index.php\/wp-json\/wp\/v2\/pages"}],"about":[{"href":"https:\/\/duszpasterstwopolskiewcork.ie\/index.php\/wp-json\/wp\/v2\/types\/page"}],"author":[{"embeddable":true,"href":"https:\/\/duszpasterstwopolskiewcork.ie\/index.php\/wp-json\/wp\/v2\/users\/1"}],"replies":[{"embeddable":true,"href":"https:\/\/duszpasterstwopolskiewcork.ie\/index.php\/wp-json\/wp\/v2\/comments?post=273"}],"version-history":[{"count":31,"href":"https:\/\/duszpasterstwopolskiewcork.ie\/index.php\/wp-json\/wp\/v2\/pages\/273\/revisions"}],"predecessor-version":[{"id":8756,"href":"https:\/\/duszpasterstwopolskiewcork.ie\/index.php\/wp-json\/wp\/v2\/pages\/273\/revisions\/8756"}],"wp:featuredmedia":[{"embeddable":true,"href":"https:\/\/duszpasterstwopolskiewcork.ie\/index.php\/wp-json\/wp\/v2\/media\/8750"}],"wp:attachment":[{"href":"https:\/\/duszpasterstwopolskiewcork.ie\/index.php\/wp-json\/wp\/v2\/media?parent=273"}],"curies":[{"name":"wp","href":"https:\/\/api.w.org\/{rel}","templated":true}]}}