{"id":289,"date":"2021-06-16T21:31:50","date_gmt":"2021-06-16T19:31:50","guid":{"rendered":"http:\/\/duszpasterstwopolskiewcork.ie\/?page_id=289"},"modified":"2024-09-05T08:42:46","modified_gmt":"2024-09-05T06:42:46","slug":"nadzwyczajni-szafarze-komunii-swietej","status":"publish","type":"page","link":"https:\/\/duszpasterstwopolskiewcork.ie\/index.php\/nadzwyczajni-szafarze-komunii-swietej\/","title":{"rendered":"Nadzwyczajni szafarze komunii \u015bwi\u0119tej"},"content":{"rendered":"\t\t<div data-elementor-type=\"wp-page\" data-elementor-id=\"289\" class=\"elementor elementor-289\">\n\t\t\t\t\t\t\t\t\t<section class=\"elementor-section elementor-top-section elementor-element elementor-element-30ffab4 elementor-section-boxed elementor-section-height-default elementor-section-height-default\" data-id=\"30ffab4\" data-element_type=\"section\">\n\t\t\t\t\t\t<div class=\"elementor-container elementor-column-gap-default\">\n\t\t\t\t\t<div class=\"elementor-column elementor-col-100 elementor-top-column elementor-element elementor-element-d1e24ce\" data-id=\"d1e24ce\" data-element_type=\"column\">\n\t\t\t<div class=\"elementor-widget-wrap elementor-element-populated\">\n\t\t\t\t\t\t\t\t<div class=\"elementor-element elementor-element-05a1675 elementor-widget elementor-widget-heading\" data-id=\"05a1675\" data-element_type=\"widget\" data-widget_type=\"heading.default\">\n\t\t\t\t<div class=\"elementor-widget-container\">\n\t\t\t<h2 class=\"elementor-heading-title elementor-size-default\">NADZWYCZAJNI SZAFARZE KOMUNII \u015aWI\u0118TEJ<\/h2>\t\t<\/div>\n\t\t\t\t<\/div>\n\t\t\t\t\t<\/div>\n\t\t<\/div>\n\t\t\t\t\t\t\t<\/div>\n\t\t<\/section>\n\t\t\t\t<section class=\"elementor-section elementor-top-section elementor-element elementor-element-a9ce640 elementor-section-boxed elementor-section-height-default elementor-section-height-default\" data-id=\"a9ce640\" data-element_type=\"section\">\n\t\t\t\t\t\t<div class=\"elementor-container elementor-column-gap-default\">\n\t\t\t\t\t<div class=\"elementor-column elementor-col-100 elementor-top-column elementor-element elementor-element-6d860b1\" data-id=\"6d860b1\" data-element_type=\"column\">\n\t\t\t<div class=\"elementor-widget-wrap elementor-element-populated\">\n\t\t\t\t\t\t\t\t<div class=\"elementor-element elementor-element-99420ca elementor-widget elementor-widget-text-editor\" data-id=\"99420ca\" data-element_type=\"widget\" data-widget_type=\"text-editor.default\">\n\t\t\t\t<div class=\"elementor-widget-container\">\n\t\t\t\t\t\t\t<p>Nadzwyczajni szafarze komunii \u015bwi\u0119tej maj\u0105 za zadanie rozdzielanie komunii \u015bwi\u0119tej, gdy udzielanie jej przez kap\u0142an\u00f3w, czyli zwyczajnych szafarzy Eucharystii, nie jest mo\u017cliwe lub jest bardzo utrudnione.<\/p><p>W naszym Duszpasterstwie , w miar\u0119 mo\u017cliwo\u015bci, nadzwyczajni szafarze pomagaj\u0105 rozdawa\u0107 komuni\u0119 \u015bwi\u0119t\u0105 podczas niedzielnych Eucharystii.<\/p><p>Ich pos\u0142ug\u0119 umo\u017cliwia wcze\u015bniejsze przygotowanie podczas specjalnego kursu oraz uroczyste pos\u0142anie do pe\u0142nienia tej zaszczytnej funkcji przy o\u0142tarzu.<\/p><p>\u00a0<\/p>\t\t\t\t\t\t<\/div>\n\t\t\t\t<\/div>\n\t\t\t\t\t<\/div>\n\t\t<\/div>\n\t\t\t\t\t\t\t<\/div>\n\t\t<\/section>\n\t\t\t\t<section class=\"elementor-section elementor-top-section elementor-element elementor-element-2a8c410 elementor-section-boxed elementor-section-height-default elementor-section-height-default\" data-id=\"2a8c410\" data-element_type=\"section\">\n\t\t\t\t\t\t<div class=\"elementor-container elementor-column-gap-default\">\n\t\t\t\t\t<div class=\"elementor-column elementor-col-100 elementor-top-column elementor-element elementor-element-a1f5fdd\" data-id=\"a1f5fdd\" data-element_type=\"column\">\n\t\t\t<div class=\"elementor-widget-wrap elementor-element-populated\">\n\t\t\t\t\t\t\t\t<div class=\"elementor-element elementor-element-0da5c6f elementor-widget elementor-widget-text-editor\" data-id=\"0da5c6f\" data-element_type=\"widget\" data-widget_type=\"text-editor.default\">\n\t\t\t\t<div class=\"elementor-widget-container\">\n\t\t\t\t\t\t\t<p><strong>Wytyczne Konferencji Episkopatu Polski (2006 r.)<\/strong><\/p><p>Uwzgl\u0119dniaj\u0105c rozw\u00f3j pos\u0142ugi nadzwyczajnych szafarzy Komunii \u015bwi\u0119tej w diecezjach polskich oraz postanowienia II Polskiego Synodu Plenarnego, gdzie dla sta\u0142ego akolity podany jest ni\u017cszy wiek dopuszczenia do tej pos\u0142ugi, oraz bior\u0105c pod uwag\u0119 g\u0142osy biskup\u00f3w i przed\u0142o\u017cenie Komisji ds. Kultu Bo\u017cego i Dyscypliny Sakrament\u00f3w, Konferencja Episkopatu Polski okre\u015bla, co nast\u0119puje:<\/p><p>1. Biskupi diecezjalni mog\u0105 upowa\u017cni\u0107 m\u0119\u017cczyzn, a tak\u017ce siostry zakonne i niewiasty \u017cycia konsekrowanego w wieku 25 do 65 lat do pos\u0142ugi nadzwyczajnego szafarza Komunii \u015bwi\u0119tej.<\/p><p>2. Kandydaci powinni odznacza\u0107 si\u0119 zaanga\u017cowaniem w \u017cycie Ko\u015bcio\u0142a, wzorowym \u017cyciem moralnym oraz powa\u017caniem w\u015br\u00f3d duchowie\u0144stwa i wiernych.<\/p><p>3. Kandydat winien zna\u0107 podstawowe prawdy katechizmowe oraz najwa\u017cniejsze zagadnienia teologiczno-liturgiczne. Szczeg\u00f3\u0142owe zagadnienia wylicza instrukcja dotycz\u0105ca formacji nadzwyczajnych szafarzy Komunii \u015bwi\u0119tej. W zale\u017cno\u015bci od miejscowych warunk\u00f3w biskup mo\u017ce poleci\u0107 kandydatowi udzia\u0142 w kursie teologicznym lub za\u017c\u0105da\u0107 egzaminu.<\/p><p>4. Biskup diecezjalny upowa\u017cnia do pos\u0142ugi nadzwyczajnego szafarza na jeden rok kandydata, kt\u00f3rego poleca ksi\u0105dz proboszcz.<\/p><p>5. Przed upowa\u017cnieniem kandydata zaleca si\u0119 odprawienie trzydniowych rekolekcji albo dnia skupienia.<\/p><p>6. Szafarz nadzwyczajny wykonuje swoj\u0105 pos\u0142ug\u0119 wtedy, gdy liczba kap\u0142an\u00f3w wobec komunikuj\u0105cych jest za ma\u0142a. Mo\u017ce on w ramach wa\u017cno\u015bci upowa\u017cnienia \u015bwiadczy\u0107 pomoc na terenie ca\u0142ej diecezji; poza diecezj\u0105 na sta\u0142e mo\u017ce to czyni\u0107 tylko za zgod\u0105 ordynariusza tamtej diecezji.<\/p><p>7. Szafarz nadzwyczajny mo\u017ce, za wiedz\u0105 ksi\u0119dza proboszcza, zanie\u015b\u0107 Komuni\u0119 \u015bwi\u0119t\u0105 do dom\u00f3w tylko osobom, kt\u00f3rych odpowiedni stan duchowy jest znany, zachowuj\u0105c przepisy liturgiczne.<\/p><p>8. Szafarz nadzwyczajny podczas pe\u0142nienia tej pos\u0142ugi w czasie Mszy \u015bw. winien by\u0107 ubrany w alb\u0119, a je\u015bli trzeba przepasany cingulum. Pe\u0142ni\u0105c sw\u0105 pos\u0142ug\u0119 poza Msz\u0105 \u015bw., mo\u017ce nosi\u0107 zwyk\u0142e ubranie. Siostry zakonne spe\u0142niaj\u0105 pos\u0142ug\u0119 nadzwyczajnego szafarza w swoim stroju zakonnym, a osoby \u017cycia konsekrowanego w swoim stroju.<\/p><p>9. Braci zakonnych obowi\u0105zuj\u0105 te same postanowienia. Wy\u017cszy prze\u0142o\u017cony zakon\u00f3w kleryckich zwraca si\u0119 do biskupa diecezjalnego o udzielenie pozwolenia na wykonywanie pos\u0142ugi w ko\u015bcio\u0142ach diecezji dla nadzwyczajnych szafarzy przez siebie ustanowionych.<\/p><p>10. Pos\u0142uga szafarza jest bezinteresowna. W sytuacji uzasadnionej mo\u017ce przys\u0142ugiwa\u0107 zwrot koszt\u00f3w przejazdu lub rekompensata, o ile wskutek wykonywania pos\u0142ugi uszczupli\u0142y si\u0119 dochody w pracy zawodowej szafarza.<\/p><p>11. W nadzwyczajnych sytuacjach celebrans mo\u017ce ustanowi\u0107 ad casum nadzwyczajnego szafarza Komunii \u015bwi\u0119tej zgodnie z tekstem zawartym w Mszale rzymskim dla diecezji polskich na str. 6*.<\/p><p>12. Szczeg\u00f3\u0142owe wskazania odno\u015bnie do przygotowania i sta\u0142ej formacji nadzwyczajnych szafarzy Komunii \u015bwi\u0119tej znajduj\u0105 si\u0119 w osobnej instrukcji.<\/p><p>+ Arcybiskup J\u00f3zef Michalik<br \/>Przewodnicz\u0105cy Konferencji Episkopatu Polski<\/p><p>+ Bp Stefan Cichy<br \/>Przewodnicz\u0105cy Komisji Episkopatu ds. Kultu Bo\u017cego i Dyscypliny Sakrament\u00f3w<\/p><p>Warszawa, dnia 9 marca 2006 r.<br \/>335. Zebranie Plenarne Konferencji Episkopatu Polski<\/p>\t\t\t\t\t\t<\/div>\n\t\t\t\t<\/div>\n\t\t\t\t\t<\/div>\n\t\t<\/div>\n\t\t\t\t\t\t\t<\/div>\n\t\t<\/section>\n\t\t\t\t<section class=\"elementor-section elementor-top-section elementor-element elementor-element-b6e1cf8 elementor-section-boxed elementor-section-height-default elementor-section-height-default\" data-id=\"b6e1cf8\" data-element_type=\"section\">\n\t\t\t\t\t\t<div class=\"elementor-container elementor-column-gap-default\">\n\t\t\t\t\t<div class=\"elementor-column elementor-col-100 elementor-top-column elementor-element elementor-element-9189bf9\" data-id=\"9189bf9\" data-element_type=\"column\">\n\t\t\t<div class=\"elementor-widget-wrap elementor-element-populated\">\n\t\t\t\t\t\t\t\t<div class=\"elementor-element elementor-element-51724f3 elementor-widget elementor-widget-text-editor\" data-id=\"51724f3\" data-element_type=\"widget\" data-widget_type=\"text-editor.default\">\n\t\t\t\t<div class=\"elementor-widget-container\">\n\t\t\t\t\t\t\t<p><strong>Modlitwa szafarza<\/strong><\/p><p>Panie Jezu Chryste, Chlebie z\u00a0nieba daj\u0105cy \u017cycie wieczne.<br \/>Nape\u0142nij mnie swoim Duchem, abym godnie spe\u0142nia\u0142 pos\u0142ug\u0119 nadzwyczajnego szafarza Komunii \u015bwi\u0119tej.<br \/>Pom\u00f3\u017c mi zachowywa\u0107 czyste serce, nieustannie karmi\u0107 si\u0119 Twoim Cia\u0142em i z pokor\u0105 nie\u015b\u0107 je\u00a0braciom, szczeg\u00f3lnie chorym.<br \/>Kt\u00f3ry \u017cyjesz i kr\u00f3lujesz na wieki wiek\u00f3w.<br \/><strong>Amen.<\/strong><\/p>\t\t\t\t\t\t<\/div>\n\t\t\t\t<\/div>\n\t\t\t\t\t<\/div>\n\t\t<\/div>\n\t\t\t\t\t\t\t<\/div>\n\t\t<\/section>\n\t\t\t\t\t\t\t<\/div>\n\t\t","protected":false},"excerpt":{"rendered":"<p>NADZWYCZAJNI SZAFARZE KOMUNII \u015aWI\u0118TEJ Nadzwyczajni szafarze komunii \u015bwi\u0119tej maj\u0105 za zadanie rozdzielanie komunii \u015bwi\u0119tej, gdy udzielanie jej przez kap\u0142an\u00f3w, czyli zwyczajnych szafarzy Eucharystii, nie jest mo\u017cliwe lub jest bardzo utrudnione. W naszym Duszpasterstwie , w miar\u0119 mo\u017cliwo\u015bci, nadzwyczajni szafarze pomagaj\u0105 rozdawa\u0107 komuni\u0119 \u015bwi\u0119t\u0105 podczas niedzielnych Eucharystii. Ich pos\u0142ug\u0119 umo\u017cliwia wcze\u015bniejsze&hellip;<\/p>\n","protected":false},"author":1,"featured_media":0,"parent":0,"menu_order":0,"comment_status":"closed","ping_status":"closed","template":"","meta":{"ngg_post_thumbnail":0,"footnotes":""},"class_list":["post-289","page","type-page","status-publish","hentry"],"_links":{"self":[{"href":"https:\/\/duszpasterstwopolskiewcork.ie\/index.php\/wp-json\/wp\/v2\/pages\/289","targetHints":{"allow":["GET"]}}],"collection":[{"href":"https:\/\/duszpasterstwopolskiewcork.ie\/index.php\/wp-json\/wp\/v2\/pages"}],"about":[{"href":"https:\/\/duszpasterstwopolskiewcork.ie\/index.php\/wp-json\/wp\/v2\/types\/page"}],"author":[{"embeddable":true,"href":"https:\/\/duszpasterstwopolskiewcork.ie\/index.php\/wp-json\/wp\/v2\/users\/1"}],"replies":[{"embeddable":true,"href":"https:\/\/duszpasterstwopolskiewcork.ie\/index.php\/wp-json\/wp\/v2\/comments?post=289"}],"version-history":[{"count":13,"href":"https:\/\/duszpasterstwopolskiewcork.ie\/index.php\/wp-json\/wp\/v2\/pages\/289\/revisions"}],"predecessor-version":[{"id":7395,"href":"https:\/\/duszpasterstwopolskiewcork.ie\/index.php\/wp-json\/wp\/v2\/pages\/289\/revisions\/7395"}],"wp:attachment":[{"href":"https:\/\/duszpasterstwopolskiewcork.ie\/index.php\/wp-json\/wp\/v2\/media?parent=289"}],"curies":[{"name":"wp","href":"https:\/\/api.w.org\/{rel}","templated":true}]}}