{"id":291,"date":"2021-06-16T21:32:12","date_gmt":"2021-06-16T19:32:12","guid":{"rendered":"http:\/\/duszpasterstwopolskiewcork.ie\/?page_id=291"},"modified":"2025-04-30T23:47:41","modified_gmt":"2025-04-30T21:47:41","slug":"domowy-kosciol","status":"publish","type":"page","link":"https:\/\/duszpasterstwopolskiewcork.ie\/index.php\/domowy-kosciol\/","title":{"rendered":"Domowy Ko\u015bci\u00f3\u0142"},"content":{"rendered":"\t\t<div data-elementor-type=\"wp-page\" data-elementor-id=\"291\" class=\"elementor elementor-291\">\n\t\t\t\t\t\t\t\t\t<section class=\"elementor-section elementor-top-section elementor-element elementor-element-9de5ed7 elementor-section-boxed elementor-section-height-default elementor-section-height-default\" data-id=\"9de5ed7\" data-element_type=\"section\">\n\t\t\t\t\t\t<div class=\"elementor-container elementor-column-gap-default\">\n\t\t\t\t\t<div class=\"elementor-column elementor-col-100 elementor-top-column elementor-element elementor-element-461dd05\" data-id=\"461dd05\" data-element_type=\"column\">\n\t\t\t<div class=\"elementor-widget-wrap elementor-element-populated\">\n\t\t\t\t\t\t\t\t<div class=\"elementor-element elementor-element-bb47526 elementor-widget elementor-widget-heading\" data-id=\"bb47526\" data-element_type=\"widget\" data-widget_type=\"heading.default\">\n\t\t\t\t<div class=\"elementor-widget-container\">\n\t\t\t<h2 class=\"elementor-heading-title elementor-size-default\">DOMOWY KO\u015aCI\u00d3\u0141<\/h2>\t\t<\/div>\n\t\t\t\t<\/div>\n\t\t\t\t\t<\/div>\n\t\t<\/div>\n\t\t\t\t\t\t\t<\/div>\n\t\t<\/section>\n\t\t\t\t<section class=\"elementor-section elementor-top-section elementor-element elementor-element-ae05c00 elementor-section-boxed elementor-section-height-default elementor-section-height-default\" data-id=\"ae05c00\" data-element_type=\"section\">\n\t\t\t\t\t\t<div class=\"elementor-container elementor-column-gap-default\">\n\t\t\t\t\t<div class=\"elementor-column elementor-col-100 elementor-top-column elementor-element elementor-element-433579f\" data-id=\"433579f\" data-element_type=\"column\">\n\t\t\t<div class=\"elementor-widget-wrap elementor-element-populated\">\n\t\t\t\t\t\t\t\t<div class=\"elementor-element elementor-element-3e91166 elementor-widget elementor-widget-image\" data-id=\"3e91166\" data-element_type=\"widget\" data-widget_type=\"image.default\">\n\t\t\t\t<div class=\"elementor-widget-container\">\n\t\t\t\t\t\t\t\t\t\t\t\t\t\t\t<img loading=\"lazy\" decoding=\"async\" width=\"472\" height=\"541\" src=\"https:\/\/duszpasterstwopolskiewcork.ie\/wp-content\/uploads\/2024\/09\/dk_logo_small.jpg\" class=\"attachment-large size-large wp-image-7397\" alt=\"\" srcset=\"https:\/\/duszpasterstwopolskiewcork.ie\/wp-content\/uploads\/2024\/09\/dk_logo_small.jpg 472w, https:\/\/duszpasterstwopolskiewcork.ie\/wp-content\/uploads\/2024\/09\/dk_logo_small-262x300.jpg 262w\" sizes=\"auto, (max-width: 472px) 100vw, 472px\" \/>\t\t\t\t\t\t\t\t\t\t\t\t\t\t\t<\/div>\n\t\t\t\t<\/div>\n\t\t\t\t\t<\/div>\n\t\t<\/div>\n\t\t\t\t\t\t\t<\/div>\n\t\t<\/section>\n\t\t\t\t<section class=\"elementor-section elementor-top-section elementor-element elementor-element-57a6426 elementor-section-boxed elementor-section-height-default elementor-section-height-default\" data-id=\"57a6426\" data-element_type=\"section\">\n\t\t\t\t\t\t<div class=\"elementor-container elementor-column-gap-default\">\n\t\t\t\t\t<div class=\"elementor-column elementor-col-100 elementor-top-column elementor-element elementor-element-9114922\" data-id=\"9114922\" data-element_type=\"column\">\n\t\t\t<div class=\"elementor-widget-wrap elementor-element-populated\">\n\t\t\t\t\t\t\t\t<div class=\"elementor-element elementor-element-5f2122d elementor-widget elementor-widget-text-editor\" data-id=\"5f2122d\" data-element_type=\"widget\" data-widget_type=\"text-editor.default\">\n\t\t\t\t<div class=\"elementor-widget-container\">\n\t\t\t\t\t\t\t<p>Za\u0142o\u017cycielem Domowego Ko\u015bcio\u0142a, ga\u0142\u0119zi rodzinnej Ruchu \u015awiat\u0142o \u017bycie jest\u00a0<strong>ks. Franciszek Blachnicki.<\/strong><\/p><p>Domowy Ko\u015bci\u00f3\u0142 zwraca szczeg\u00f3ln\u0105 uwag\u0119 na duchowo\u015b\u0107 ma\u0142\u017ce\u0144sk\u0105, czyli d\u0105\u017cenie do \u015bwi\u0119to\u015bci razem ze wsp\u00f3\u0142ma\u0142\u017conkiem. Pomaga to w budowaniu jedno\u015bci, a tym samym stwarza najlepsze warunki do dobrego wychowania dzieci w duchu chrze\u015bcija\u0144skim.<\/p><p>Elementami formacyjnymi s\u0105:<\/p><ul><li>Codzienna\u00a0<strong>modlitwa osobista<\/strong>, po\u0142\u0105czona z lektur\u0105 Pisma \u015awi\u0119tego. Jest to tak zwany: Namiot Spotkania.<\/li><li>Codzienna\u00a0<strong>modlitwa ma\u0142\u017ce\u0144ska<\/strong>,<\/li><li>Codzienna\u00a0<strong>modlitwa rodzinna<\/strong>,<\/li><li>Regularne <strong>studium Pisma \u015awi\u0119tego,<\/strong><\/li><li>Raz w miesi\u0105cu\u00a0<strong>dialog ma\u0142\u017ce\u0144ski<\/strong>\u00a0i wynikaj\u0105ca z niego Regu\u0142a \u017bycia, czyli systematyczna praca nad sob\u0105,<\/li><li>Uczestnictwo w\u00a0<strong>comiesi\u0119cznych spotkaniach formacyjnych,<\/strong><\/li><li>Raz w roku\u00a0<strong>udzia\u0142 w rekolekcjach<\/strong>.<\/li><\/ul><p><strong>Spotkania<\/strong>\u00a0odbywaj\u0105 si\u0119 raz w miesi\u0105cu w domach cz\u0142onk\u00f3w wsp\u00f3lnoty. Spotkanie miesi\u0119czne kr\u0119gu rodzin sk\u0142ada si\u0119 z nast\u0119puj\u0105cych cz\u0119\u015bci sta\u0142ych:<\/p><p>&#8211;\u00a0<strong>dzielenia si\u0119 \u017cyciem<\/strong>\u00a0(dzielenie si\u0119 wydarzeniami, rado\u015bciami, troskami podczas symbolicznego posi\u0142ku);<\/p><p>&#8211;\u00a0<strong>modlitwy<\/strong>\u00a0(dzielenie si\u0119 Ewangeli\u0105 lub inne formy spotkania ze s\u0142owem Bo\u017cym i tajemnica r\u00f3\u017ca\u0144ca)<\/p><p>&#8211;\u00a0<strong>formacji<\/strong>\u00a0(dzielenie si\u0119 w atmosferze modlitwy realizacj\u0105 zobowi\u0105za\u0144, to znaczy osi\u0105gni\u0119ciami i trudno\u015bciami w rozwoju \u017cycia duchowego, om\u00f3wienie nowego tematu). \u00a0\u00a0<\/p>\t\t\t\t\t\t<\/div>\n\t\t\t\t<\/div>\n\t\t\t\t\t<\/div>\n\t\t<\/div>\n\t\t\t\t\t\t\t<\/div>\n\t\t<\/section>\n\t\t\t\t<section class=\"elementor-section elementor-top-section elementor-element elementor-element-bb553d8 elementor-section-boxed elementor-section-height-default elementor-section-height-default\" data-id=\"bb553d8\" data-element_type=\"section\">\n\t\t\t\t\t\t<div class=\"elementor-container elementor-column-gap-default\">\n\t\t\t\t\t<div class=\"elementor-column elementor-col-100 elementor-top-column elementor-element elementor-element-00b17ef\" data-id=\"00b17ef\" data-element_type=\"column\">\n\t\t\t<div class=\"elementor-widget-wrap elementor-element-populated\">\n\t\t\t\t\t\t\t\t<div class=\"elementor-element elementor-element-c36cbd0 elementor-widget elementor-widget-text-editor\" data-id=\"c36cbd0\" data-element_type=\"widget\" data-widget_type=\"text-editor.default\">\n\t\t\t\t<div class=\"elementor-widget-container\">\n\t\t\t\t\t\t\t<p>Obecnie na terenie Duszpasterstwa Polskiego w Diecezji Cork &amp; Ross dzia\u0142aj\u0105 <strong>3 kr\u0119gi Domowego Ko\u015bcio\u0142a<\/strong>, wchodz\u0105c w sk\u0142ad Rejonu Cork (Rejon Po\u0142udniowy).<\/p>\n<p><strong>Opieka nad kr\u0119gami DK w Cork:<\/strong>&nbsp;ks. Rafa\u0142<\/p>\t\t\t\t\t\t<\/div>\n\t\t\t\t<\/div>\n\t\t\t\t\t<\/div>\n\t\t<\/div>\n\t\t\t\t\t\t\t<\/div>\n\t\t<\/section>\n\t\t\t\t<section class=\"elementor-section elementor-top-section elementor-element elementor-element-2f3d260 elementor-section-boxed elementor-section-height-default elementor-section-height-default\" data-id=\"2f3d260\" data-element_type=\"section\">\n\t\t\t\t\t\t<div class=\"elementor-container elementor-column-gap-default\">\n\t\t\t\t\t<div class=\"elementor-column elementor-col-100 elementor-top-column elementor-element elementor-element-eb3acd2\" data-id=\"eb3acd2\" data-element_type=\"column\">\n\t\t\t<div class=\"elementor-widget-wrap elementor-element-populated\">\n\t\t\t\t\t\t\t\t<div class=\"elementor-element elementor-element-7f9bf29 elementor-widget elementor-widget-text-editor\" data-id=\"7f9bf29\" data-element_type=\"widget\" data-widget_type=\"text-editor.default\">\n\t\t\t\t<div class=\"elementor-widget-container\">\n\t\t\t\t\t\t\t<p>Wi\u0119cej informacji na:<\/p>\t\t\t\t\t\t<\/div>\n\t\t\t\t<\/div>\n\t\t\t\t\t<\/div>\n\t\t<\/div>\n\t\t\t\t\t\t\t<\/div>\n\t\t<\/section>\n\t\t\t\t<section class=\"elementor-section elementor-top-section elementor-element elementor-element-b99a1e8 elementor-section-boxed elementor-section-height-default elementor-section-height-default\" data-id=\"b99a1e8\" data-element_type=\"section\">\n\t\t\t\t\t\t<div class=\"elementor-container elementor-column-gap-default\">\n\t\t\t\t\t<div class=\"elementor-column elementor-col-100 elementor-top-column elementor-element elementor-element-9edc851\" data-id=\"9edc851\" data-element_type=\"column\">\n\t\t\t<div class=\"elementor-widget-wrap elementor-element-populated\">\n\t\t\t\t\t\t\t\t<div class=\"elementor-element elementor-element-0bc7884 elementor-widget elementor-widget-button\" data-id=\"0bc7884\" data-element_type=\"widget\" data-widget_type=\"button.default\">\n\t\t\t\t<div class=\"elementor-widget-container\">\n\t\t\t\t\t<div class=\"elementor-button-wrapper\">\n\t\t\t<a class=\"elementor-button elementor-button-link elementor-size-sm\" href=\"https:\/\/dk.oaza.ie\/\">\n\t\t\t\t\t\t<span class=\"elementor-button-content-wrapper\">\n\t\t\t\t\t\t<span class=\"elementor-button-text\">Domowy Ko\u015bci\u00f3\u0142 w Irlandii<\/span>\n\t\t<\/span>\n\t\t\t\t\t<\/a>\n\t\t<\/div>\n\t\t\t\t<\/div>\n\t\t\t\t<\/div>\n\t\t\t\t\t<\/div>\n\t\t<\/div>\n\t\t\t\t\t\t\t<\/div>\n\t\t<\/section>\n\t\t\t\t<section class=\"elementor-section elementor-top-section elementor-element elementor-element-1ec4b34 elementor-section-boxed elementor-section-height-default elementor-section-height-default\" data-id=\"1ec4b34\" data-element_type=\"section\">\n\t\t\t\t\t\t<div class=\"elementor-container elementor-column-gap-default\">\n\t\t\t\t\t<div class=\"elementor-column elementor-col-100 elementor-top-column elementor-element elementor-element-70e18f6\" data-id=\"70e18f6\" data-element_type=\"column\">\n\t\t\t<div class=\"elementor-widget-wrap elementor-element-populated\">\n\t\t\t\t\t\t\t\t<div class=\"elementor-element elementor-element-1ee57ee elementor-widget elementor-widget-button\" data-id=\"1ee57ee\" data-element_type=\"widget\" data-widget_type=\"button.default\">\n\t\t\t\t<div class=\"elementor-widget-container\">\n\t\t\t\t\t<div class=\"elementor-button-wrapper\">\n\t\t\t<a class=\"elementor-button elementor-button-link elementor-size-sm\" href=\"https:\/\/www.dk.oaza.pl\/\">\n\t\t\t\t\t\t<span class=\"elementor-button-content-wrapper\">\n\t\t\t\t\t\t<span class=\"elementor-button-text\">Domowy Ko\u015bci\u00f3\u0142 w Polsce<\/span>\n\t\t<\/span>\n\t\t\t\t\t<\/a>\n\t\t<\/div>\n\t\t\t\t<\/div>\n\t\t\t\t<\/div>\n\t\t\t\t\t<\/div>\n\t\t<\/div>\n\t\t\t\t\t\t\t<\/div>\n\t\t<\/section>\n\t\t\t\t<section class=\"elementor-section elementor-top-section elementor-element elementor-element-aaccaeb elementor-section-boxed elementor-section-height-default elementor-section-height-default\" data-id=\"aaccaeb\" data-element_type=\"section\">\n\t\t\t\t\t\t<div class=\"elementor-container elementor-column-gap-default\">\n\t\t\t\t\t<div class=\"elementor-column elementor-col-100 elementor-top-column elementor-element elementor-element-ae6ddb5\" data-id=\"ae6ddb5\" data-element_type=\"column\">\n\t\t\t<div class=\"elementor-widget-wrap elementor-element-populated\">\n\t\t\t\t\t\t\t\t<div class=\"elementor-element elementor-element-955ea93 elementor-widget elementor-widget-button\" data-id=\"955ea93\" data-element_type=\"widget\" data-widget_type=\"button.default\">\n\t\t\t\t<div class=\"elementor-widget-container\">\n\t\t\t\t\t<div class=\"elementor-button-wrapper\">\n\t\t\t<a class=\"elementor-button elementor-button-link elementor-size-sm\" href=\"https:\/\/www.oaza.pl\/\">\n\t\t\t\t\t\t<span class=\"elementor-button-content-wrapper\">\n\t\t\t\t\t\t<span class=\"elementor-button-text\">Ruch \u015awiat\u0142o-\u017bycie<\/span>\n\t\t<\/span>\n\t\t\t\t\t<\/a>\n\t\t<\/div>\n\t\t\t\t<\/div>\n\t\t\t\t<\/div>\n\t\t\t\t\t<\/div>\n\t\t<\/div>\n\t\t\t\t\t\t\t<\/div>\n\t\t<\/section>\n\t\t\t\t\t\t\t<\/div>\n\t\t","protected":false},"excerpt":{"rendered":"<p>DOMOWY KO\u015aCI\u00d3\u0141 Za\u0142o\u017cycielem Domowego Ko\u015bcio\u0142a, ga\u0142\u0119zi rodzinnej Ruchu \u015awiat\u0142o \u017bycie jest\u00a0ks. Franciszek Blachnicki. Domowy Ko\u015bci\u00f3\u0142 zwraca szczeg\u00f3ln\u0105 uwag\u0119 na duchowo\u015b\u0107 ma\u0142\u017ce\u0144sk\u0105, czyli d\u0105\u017cenie do \u015bwi\u0119to\u015bci razem ze wsp\u00f3\u0142ma\u0142\u017conkiem. Pomaga to w budowaniu jedno\u015bci, a tym samym stwarza najlepsze warunki do dobrego wychowania dzieci w duchu chrze\u015bcija\u0144skim. Elementami formacyjnymi s\u0105: Codzienna\u00a0modlitwa&hellip;<\/p>\n","protected":false},"author":1,"featured_media":0,"parent":0,"menu_order":0,"comment_status":"closed","ping_status":"closed","template":"","meta":{"ngg_post_thumbnail":0,"footnotes":""},"class_list":["post-291","page","type-page","status-publish","hentry"],"_links":{"self":[{"href":"https:\/\/duszpasterstwopolskiewcork.ie\/index.php\/wp-json\/wp\/v2\/pages\/291","targetHints":{"allow":["GET"]}}],"collection":[{"href":"https:\/\/duszpasterstwopolskiewcork.ie\/index.php\/wp-json\/wp\/v2\/pages"}],"about":[{"href":"https:\/\/duszpasterstwopolskiewcork.ie\/index.php\/wp-json\/wp\/v2\/types\/page"}],"author":[{"embeddable":true,"href":"https:\/\/duszpasterstwopolskiewcork.ie\/index.php\/wp-json\/wp\/v2\/users\/1"}],"replies":[{"embeddable":true,"href":"https:\/\/duszpasterstwopolskiewcork.ie\/index.php\/wp-json\/wp\/v2\/comments?post=291"}],"version-history":[{"count":22,"href":"https:\/\/duszpasterstwopolskiewcork.ie\/index.php\/wp-json\/wp\/v2\/pages\/291\/revisions"}],"predecessor-version":[{"id":9338,"href":"https:\/\/duszpasterstwopolskiewcork.ie\/index.php\/wp-json\/wp\/v2\/pages\/291\/revisions\/9338"}],"wp:attachment":[{"href":"https:\/\/duszpasterstwopolskiewcork.ie\/index.php\/wp-json\/wp\/v2\/media?parent=291"}],"curies":[{"name":"wp","href":"https:\/\/api.w.org\/{rel}","templated":true}]}}