{"id":293,"date":"2021-06-16T21:32:28","date_gmt":"2021-06-16T19:32:28","guid":{"rendered":"http:\/\/duszpasterstwopolskiewcork.ie\/?page_id=293"},"modified":"2025-04-30T23:50:35","modified_gmt":"2025-04-30T21:50:35","slug":"szkola-nowej-ewangelizacji","status":"publish","type":"page","link":"https:\/\/duszpasterstwopolskiewcork.ie\/index.php\/szkola-nowej-ewangelizacji\/","title":{"rendered":"Szko\u0142a Nowej Ewangelizacji"},"content":{"rendered":"\t\t<div data-elementor-type=\"wp-page\" data-elementor-id=\"293\" class=\"elementor elementor-293\">\n\t\t\t\t\t\t\t\t\t<section class=\"elementor-section elementor-top-section elementor-element elementor-element-1a586f7 elementor-section-boxed elementor-section-height-default elementor-section-height-default\" data-id=\"1a586f7\" data-element_type=\"section\">\n\t\t\t\t\t\t<div class=\"elementor-container elementor-column-gap-default\">\n\t\t\t\t\t<div class=\"elementor-column elementor-col-100 elementor-top-column elementor-element elementor-element-277d17a\" data-id=\"277d17a\" data-element_type=\"column\">\n\t\t\t<div class=\"elementor-widget-wrap elementor-element-populated\">\n\t\t\t\t\t\t\t\t<div class=\"elementor-element elementor-element-d009156 elementor-widget elementor-widget-heading\" data-id=\"d009156\" data-element_type=\"widget\" data-widget_type=\"heading.default\">\n\t\t\t\t<div class=\"elementor-widget-container\">\n\t\t\t<h2 class=\"elementor-heading-title elementor-size-default\">SZKO\u0141A NOWEJ EWANGELIZACJI<\/h2>\t\t<\/div>\n\t\t\t\t<\/div>\n\t\t\t\t\t<\/div>\n\t\t<\/div>\n\t\t\t\t\t\t\t<\/div>\n\t\t<\/section>\n\t\t\t\t<section class=\"elementor-section elementor-top-section elementor-element elementor-element-04eef70 elementor-section-boxed elementor-section-height-default elementor-section-height-default\" data-id=\"04eef70\" data-element_type=\"section\">\n\t\t\t\t\t\t<div class=\"elementor-container elementor-column-gap-default\">\n\t\t\t\t\t<div class=\"elementor-column elementor-col-100 elementor-top-column elementor-element elementor-element-8d4b0fb\" data-id=\"8d4b0fb\" data-element_type=\"column\">\n\t\t\t<div class=\"elementor-widget-wrap elementor-element-populated\">\n\t\t\t\t\t\t\t\t<div class=\"elementor-element elementor-element-c69d344 elementor-widget elementor-widget-text-editor\" data-id=\"c69d344\" data-element_type=\"widget\" data-widget_type=\"text-editor.default\">\n\t\t\t\t<div class=\"elementor-widget-container\">\n\t\t\t\t\t\t\t<p>Szko\u0142a Nowej Ewangelizacji powsta\u0142a jako odpowied\u017a na s\u0142owa Jezusa: \u201eId\u017acie na ca\u0142y \u015bwiat i g\u0142o\u015bcie Ewangeli\u0119 wszelkiemu stworzeniu\u201d. Jest tak\u017ce konsekwencj\u0105 wezwania Ojca \u015awi\u0119tego do nowej ewangelizacji, gdzie m\u00f3wi\u0142 o konieczno\u015bci zaanga\u017cowania si\u0119 w ewangelizacj\u0119, \u201enow\u0105 w swym zapale, w swych metodach, w swym wyrazie\u201d.<\/p><p>Szko\u0142a przygotowuje do tego, by g\u0142osi\u0107 Dobr\u0105 Nowin\u0119 o Jezusie w \u015bwiecie wsp\u00f3\u0142czesnym, czyni\u0105c to w taki spos\u00f3b, aby ka\u017cdy katolik potrafi\u0142 przekaza\u0107 S\u0142owo Bo\u017ce w formie prostej, \u017cywej i skutecznej.<\/p><p>Program SNE\u00a0 to wizja odnowionego Ko\u015bcio\u0142a, kt\u00f3ry g\u0142osi kerygmat i czyni to z moc\u0105 Ducha \u015awi\u0119tego, b\u0119d\u0105c wsp\u00f3lnot\u0105 zewangelizowan\u0105 i ewangelizuj\u0105c\u0105.<\/p><p>Jako szko\u0142a chcemy by\u0107 pomoc\u0105 dla Ko\u015bcio\u0142a, narz\u0119dziem, dzi\u0119ki kt\u00f3remu wierz\u0105cy pozostaj\u0105c w swojej duchowo\u015bci i na miejscu, na kt\u00f3rym postawi\u0142 go B\u00f3g, b\u0119dzie m\u00f3g\u0142 wykonywa\u0107 jeszcze lepiej to, co jest jego powo\u0142aniem.<\/p><p>Duchowo\u015b\u0107 Szko\u0142y Nowej Ewangelizacji stanowi bycie uczniem Jezusa, dlatego czynnikiem g\u0142\u00f3wnym jest otwarcie na Ducha \u015awi\u0119tego, aby pod Jego dzia\u0142aniem ka\u017cdy uczestnik do\u015bwiadczy\u0142 nowego spotkania z Chrystusem, jako osobistym\u00a0 Panem i Zbawicielem.\u00a0 Styl \u017cycia\u00a0 duchowego wyznaczaj\u0105:<\/p><p>\u2013 codzienna modlitwa S\u0142owem Bo\u017cym,<br \/>\u2013 aktywne uczestnictwo w \u017cyciu sakramentalnym Ko\u015bcio\u0142a \u2013 zw\u0142aszcza w sakramencie Pokuty i Pojednania oraz Eucharystii,<br \/>\u2013 wsp\u00f3\u0142praca z dzia\u0142aniami Ko\u015bcio\u0142a \u2013 pod przewodnictwem Biskupa.<\/p><p>Celem SNE jest nie tylko ewangelizacja, ale w swojej dzia\u0142alno\u015bci przyjmuje metod\u0119 Jezusa i Jego Aposto\u0142\u00f3w. Oznacza to, \u017ce chce przygotowywa\u0107 innych do tego, by mogli skutecznie przekazywa\u0107 Dobr\u0105 Nowin\u0119 o Jezusie. Opr\u00f3cz ewangelizowania zajmuje si\u0119 wi\u0119c formacj\u0105 ewangelizator\u00f3w, aby mogli kontynuowa\u0107 dzie\u0142o Jezusa, szerz\u0105c Dobr\u0105 Nowin\u0119.<\/p>\t\t\t\t\t\t<\/div>\n\t\t\t\t<\/div>\n\t\t\t\t\t<\/div>\n\t\t<\/div>\n\t\t\t\t\t\t\t<\/div>\n\t\t<\/section>\n\t\t\t\t<section class=\"elementor-section elementor-top-section elementor-element elementor-element-afd8dce elementor-section-boxed elementor-section-height-default elementor-section-height-default\" data-id=\"afd8dce\" data-element_type=\"section\">\n\t\t\t\t\t\t<div class=\"elementor-container elementor-column-gap-default\">\n\t\t\t\t\t<div class=\"elementor-column elementor-col-100 elementor-top-column elementor-element elementor-element-9958335\" data-id=\"9958335\" data-element_type=\"column\">\n\t\t\t<div class=\"elementor-widget-wrap elementor-element-populated\">\n\t\t\t\t\t\t\t\t<div class=\"elementor-element elementor-element-875b79c elementor-widget-divider--view-line elementor-widget elementor-widget-divider\" data-id=\"875b79c\" data-element_type=\"widget\" data-widget_type=\"divider.default\">\n\t\t\t\t<div class=\"elementor-widget-container\">\n\t\t\t\t\t<div class=\"elementor-divider\">\n\t\t\t<span class=\"elementor-divider-separator\">\n\t\t\t\t\t\t<\/span>\n\t\t<\/div>\n\t\t\t\t<\/div>\n\t\t\t\t<\/div>\n\t\t\t\t\t<\/div>\n\t\t<\/div>\n\t\t\t\t\t\t\t<\/div>\n\t\t<\/section>\n\t\t\t\t<section class=\"elementor-section elementor-top-section elementor-element elementor-element-eac9fde elementor-section-boxed elementor-section-height-default elementor-section-height-default\" data-id=\"eac9fde\" data-element_type=\"section\">\n\t\t\t\t\t\t<div class=\"elementor-container elementor-column-gap-default\">\n\t\t\t\t\t<div class=\"elementor-column elementor-col-100 elementor-top-column elementor-element elementor-element-cfa7d1b\" data-id=\"cfa7d1b\" data-element_type=\"column\">\n\t\t\t<div class=\"elementor-widget-wrap elementor-element-populated\">\n\t\t\t\t\t\t\t\t<div class=\"elementor-element elementor-element-5914d9a elementor-widget elementor-widget-text-editor\" data-id=\"5914d9a\" data-element_type=\"widget\" data-widget_type=\"text-editor.default\">\n\t\t\t\t<div class=\"elementor-widget-container\">\n\t\t\t\t\t\t\t<p>Obecnie w Cork dzia\u0142aj\u0105 3 grupy SNE, prowadzone przez Jol\u0119, Ew\u0119 i Jacka. Grupy spotykaj\u0105 si\u0119 co dwa tygodnie. SNE przygotowuje comiesi\u0119czne Wieczory Uwielbienia (w ka\u017cdy trzeci pi\u0105tek miesi\u0105ca w ko\u015bciele Holy Cross, Mahon, Cork). Wsp\u00f3lnota SNE organizuje tak\u017ce kursy ewangelizacyjne, w tym Kurs Nowe \u017bycie czy Kurs Emaus.<\/p>\t\t\t\t\t\t<\/div>\n\t\t\t\t<\/div>\n\t\t\t\t\t<\/div>\n\t\t<\/div>\n\t\t\t\t\t\t\t<\/div>\n\t\t<\/section>\n\t\t\t\t<section class=\"elementor-section elementor-top-section elementor-element elementor-element-ca0e8d7 elementor-section-boxed elementor-section-height-default elementor-section-height-default\" data-id=\"ca0e8d7\" data-element_type=\"section\">\n\t\t\t\t\t\t<div class=\"elementor-container elementor-column-gap-default\">\n\t\t\t\t\t<div class=\"elementor-column elementor-col-100 elementor-top-column elementor-element elementor-element-9f6edd3\" data-id=\"9f6edd3\" data-element_type=\"column\">\n\t\t\t<div class=\"elementor-widget-wrap elementor-element-populated\">\n\t\t\t\t\t\t\t\t<div class=\"elementor-element elementor-element-512514a elementor-widget-divider--view-line elementor-widget elementor-widget-divider\" data-id=\"512514a\" data-element_type=\"widget\" data-widget_type=\"divider.default\">\n\t\t\t\t<div class=\"elementor-widget-container\">\n\t\t\t\t\t<div class=\"elementor-divider\">\n\t\t\t<span class=\"elementor-divider-separator\">\n\t\t\t\t\t\t<\/span>\n\t\t<\/div>\n\t\t\t\t<\/div>\n\t\t\t\t<\/div>\n\t\t\t\t\t<\/div>\n\t\t<\/div>\n\t\t\t\t\t\t\t<\/div>\n\t\t<\/section>\n\t\t\t\t<section class=\"elementor-section elementor-top-section elementor-element elementor-element-c115e8f elementor-section-boxed elementor-section-height-default elementor-section-height-default\" data-id=\"c115e8f\" data-element_type=\"section\">\n\t\t\t\t\t\t<div class=\"elementor-container elementor-column-gap-default\">\n\t\t\t\t\t<div class=\"elementor-column elementor-col-100 elementor-top-column elementor-element elementor-element-6152a2b\" data-id=\"6152a2b\" data-element_type=\"column\">\n\t\t\t<div class=\"elementor-widget-wrap elementor-element-populated\">\n\t\t\t\t\t\t\t\t<div class=\"elementor-element elementor-element-c503ab4 elementor-widget elementor-widget-text-editor\" data-id=\"c503ab4\" data-element_type=\"widget\" data-widget_type=\"text-editor.default\">\n\t\t\t\t<div class=\"elementor-widget-container\">\n\t\t\t\t\t\t\t<p>Wi\u0119cej aktualnych informacji na Facebooku SNE Cork.<\/p><p>Kontakt mailowy: snecork@gmail.com<\/p><p>Kontakt telefoniczny: Jola, tel. 085 240 0938<\/p>\t\t\t\t\t\t<\/div>\n\t\t\t\t<\/div>\n\t\t\t\t\t<\/div>\n\t\t<\/div>\n\t\t\t\t\t\t\t<\/div>\n\t\t<\/section>\n\t\t\t\t\t\t\t<\/div>\n\t\t","protected":false},"excerpt":{"rendered":"<p>SZKO\u0141A NOWEJ EWANGELIZACJI Szko\u0142a Nowej Ewangelizacji powsta\u0142a jako odpowied\u017a na s\u0142owa Jezusa: \u201eId\u017acie na ca\u0142y \u015bwiat i g\u0142o\u015bcie Ewangeli\u0119 wszelkiemu stworzeniu\u201d. Jest tak\u017ce konsekwencj\u0105 wezwania Ojca \u015awi\u0119tego do nowej ewangelizacji, gdzie m\u00f3wi\u0142 o konieczno\u015bci zaanga\u017cowania si\u0119 w ewangelizacj\u0119, \u201enow\u0105 w swym zapale, w swych metodach, w swym wyrazie\u201d. Szko\u0142a przygotowuje&hellip;<\/p>\n","protected":false},"author":1,"featured_media":0,"parent":0,"menu_order":0,"comment_status":"closed","ping_status":"closed","template":"","meta":{"ngg_post_thumbnail":0,"footnotes":""},"class_list":["post-293","page","type-page","status-publish","hentry"],"_links":{"self":[{"href":"https:\/\/duszpasterstwopolskiewcork.ie\/index.php\/wp-json\/wp\/v2\/pages\/293","targetHints":{"allow":["GET"]}}],"collection":[{"href":"https:\/\/duszpasterstwopolskiewcork.ie\/index.php\/wp-json\/wp\/v2\/pages"}],"about":[{"href":"https:\/\/duszpasterstwopolskiewcork.ie\/index.php\/wp-json\/wp\/v2\/types\/page"}],"author":[{"embeddable":true,"href":"https:\/\/duszpasterstwopolskiewcork.ie\/index.php\/wp-json\/wp\/v2\/users\/1"}],"replies":[{"embeddable":true,"href":"https:\/\/duszpasterstwopolskiewcork.ie\/index.php\/wp-json\/wp\/v2\/comments?post=293"}],"version-history":[{"count":16,"href":"https:\/\/duszpasterstwopolskiewcork.ie\/index.php\/wp-json\/wp\/v2\/pages\/293\/revisions"}],"predecessor-version":[{"id":9344,"href":"https:\/\/duszpasterstwopolskiewcork.ie\/index.php\/wp-json\/wp\/v2\/pages\/293\/revisions\/9344"}],"wp:attachment":[{"href":"https:\/\/duszpasterstwopolskiewcork.ie\/index.php\/wp-json\/wp\/v2\/media?parent=293"}],"curies":[{"name":"wp","href":"https:\/\/api.w.org\/{rel}","templated":true}]}}