{"id":299,"date":"2021-06-16T21:33:20","date_gmt":"2021-06-16T19:33:20","guid":{"rendered":"http:\/\/duszpasterstwopolskiewcork.ie\/?page_id=299"},"modified":"2025-04-30T23:48:33","modified_gmt":"2025-04-30T21:48:33","slug":"rada-parafialna","status":"publish","type":"page","link":"https:\/\/duszpasterstwopolskiewcork.ie\/index.php\/rada-parafialna\/","title":{"rendered":"Rada Parafialna"},"content":{"rendered":"\t\t<div data-elementor-type=\"wp-page\" data-elementor-id=\"299\" class=\"elementor elementor-299\">\n\t\t\t\t\t\t\t\t\t<section class=\"elementor-section elementor-top-section elementor-element elementor-element-1fa4cbb elementor-section-boxed elementor-section-height-default elementor-section-height-default\" data-id=\"1fa4cbb\" data-element_type=\"section\">\n\t\t\t\t\t\t<div class=\"elementor-container elementor-column-gap-default\">\n\t\t\t\t\t<div class=\"elementor-column elementor-col-100 elementor-top-column elementor-element elementor-element-319d9f5\" data-id=\"319d9f5\" data-element_type=\"column\">\n\t\t\t<div class=\"elementor-widget-wrap elementor-element-populated\">\n\t\t\t\t\t\t\t\t<div class=\"elementor-element elementor-element-d2413d3 elementor-widget elementor-widget-heading\" data-id=\"d2413d3\" data-element_type=\"widget\" data-widget_type=\"heading.default\">\n\t\t\t\t<div class=\"elementor-widget-container\">\n\t\t\t<h2 class=\"elementor-heading-title elementor-size-default\">RADA PARAFIALNA<\/h2>\t\t<\/div>\n\t\t\t\t<\/div>\n\t\t\t\t\t<\/div>\n\t\t<\/div>\n\t\t\t\t\t\t\t<\/div>\n\t\t<\/section>\n\t\t\t\t<section class=\"elementor-section elementor-top-section elementor-element elementor-element-51f53f6 elementor-section-boxed elementor-section-height-default elementor-section-height-default\" data-id=\"51f53f6\" data-element_type=\"section\">\n\t\t\t\t\t\t<div class=\"elementor-container elementor-column-gap-default\">\n\t\t\t\t\t<div class=\"elementor-column elementor-col-100 elementor-top-column elementor-element elementor-element-2e680e9\" data-id=\"2e680e9\" data-element_type=\"column\">\n\t\t\t<div class=\"elementor-widget-wrap elementor-element-populated\">\n\t\t\t\t\t\t\t\t<div class=\"elementor-element elementor-element-a0835f3 elementor-widget elementor-widget-text-editor\" data-id=\"a0835f3\" data-element_type=\"widget\" data-widget_type=\"text-editor.default\">\n\t\t\t\t<div class=\"elementor-widget-container\">\n\t\t\t\t\t\t\t<p><strong>Parafialna Rada Duszpasterska<\/strong> jest powo\u0142ywana w celu podejmowania wsp\u00f3lnej refleksji przez kap\u0142an\u00f3w i \u015bwieckich dla pog\u0142\u0119biania i formowania \u017cycia wsp\u00f3lnoty wierz\u0105cych tworz\u0105cych parafi\u0119.<\/p>\n<p>W sk\u0142ad Rady Duszpasterskiej przy Duszpasterstwie Polskim w Cork wchodz\u0105: ks. Rafa\u0142, ks. Bartek oraz przedstawiciele i liderzy poszczeg\u00f3lnych grup i wsp\u00f3lnot.<\/p>\n<p>Spotkania odbywaj\u0105 si\u0119 po wcze\u015bniejszym og\u0142oszeniu 2-3 razy w roku.<\/p>\t\t\t\t\t\t<\/div>\n\t\t\t\t<\/div>\n\t\t\t\t\t<\/div>\n\t\t<\/div>\n\t\t\t\t\t\t\t<\/div>\n\t\t<\/section>\n\t\t\t\t\t\t\t<\/div>\n\t\t","protected":false},"excerpt":{"rendered":"<p>RADA PARAFIALNA Parafialna Rada Duszpasterska jest powo\u0142ywana w celu podejmowania wsp\u00f3lnej refleksji przez kap\u0142an\u00f3w i \u015bwieckich dla pog\u0142\u0119biania i formowania \u017cycia wsp\u00f3lnoty wierz\u0105cych tworz\u0105cych parafi\u0119. W sk\u0142ad Rady Duszpasterskiej przy Duszpasterstwie Polskim w Cork wchodz\u0105: ks. Rafa\u0142, ks. Bartek oraz przedstawiciele i liderzy poszczeg\u00f3lnych grup i wsp\u00f3lnot. Spotkania odbywaj\u0105 si\u0119&hellip;<\/p>\n","protected":false},"author":1,"featured_media":0,"parent":0,"menu_order":0,"comment_status":"closed","ping_status":"closed","template":"","meta":{"ngg_post_thumbnail":0,"footnotes":""},"class_list":["post-299","page","type-page","status-publish","hentry"],"_links":{"self":[{"href":"https:\/\/duszpasterstwopolskiewcork.ie\/index.php\/wp-json\/wp\/v2\/pages\/299","targetHints":{"allow":["GET"]}}],"collection":[{"href":"https:\/\/duszpasterstwopolskiewcork.ie\/index.php\/wp-json\/wp\/v2\/pages"}],"about":[{"href":"https:\/\/duszpasterstwopolskiewcork.ie\/index.php\/wp-json\/wp\/v2\/types\/page"}],"author":[{"embeddable":true,"href":"https:\/\/duszpasterstwopolskiewcork.ie\/index.php\/wp-json\/wp\/v2\/users\/1"}],"replies":[{"embeddable":true,"href":"https:\/\/duszpasterstwopolskiewcork.ie\/index.php\/wp-json\/wp\/v2\/comments?post=299"}],"version-history":[{"count":10,"href":"https:\/\/duszpasterstwopolskiewcork.ie\/index.php\/wp-json\/wp\/v2\/pages\/299\/revisions"}],"predecessor-version":[{"id":9341,"href":"https:\/\/duszpasterstwopolskiewcork.ie\/index.php\/wp-json\/wp\/v2\/pages\/299\/revisions\/9341"}],"wp:attachment":[{"href":"https:\/\/duszpasterstwopolskiewcork.ie\/index.php\/wp-json\/wp\/v2\/media?parent=299"}],"curies":[{"name":"wp","href":"https:\/\/api.w.org\/{rel}","templated":true}]}}