{"id":301,"date":"2021-06-16T21:33:43","date_gmt":"2021-06-16T19:33:43","guid":{"rendered":"http:\/\/duszpasterstwopolskiewcork.ie\/?page_id=301"},"modified":"2026-01-14T19:07:51","modified_gmt":"2026-01-14T18:07:51","slug":"grupa-aa","status":"publish","type":"page","link":"https:\/\/duszpasterstwopolskiewcork.ie\/index.php\/grupa-aa\/","title":{"rendered":"Grupa AA"},"content":{"rendered":"\t\t<div data-elementor-type=\"wp-page\" data-elementor-id=\"301\" class=\"elementor elementor-301\">\n\t\t\t\t\t\t\t\t\t<section class=\"elementor-section elementor-top-section elementor-element elementor-element-49932ea elementor-section-boxed elementor-section-height-default elementor-section-height-default\" data-id=\"49932ea\" data-element_type=\"section\">\n\t\t\t\t\t\t<div class=\"elementor-container elementor-column-gap-default\">\n\t\t\t\t\t<div class=\"elementor-column elementor-col-100 elementor-top-column elementor-element elementor-element-78d2e7d\" data-id=\"78d2e7d\" data-element_type=\"column\">\n\t\t\t<div class=\"elementor-widget-wrap elementor-element-populated\">\n\t\t\t\t\t\t\t\t<div class=\"elementor-element elementor-element-bc3ea89 elementor-widget elementor-widget-heading\" data-id=\"bc3ea89\" data-element_type=\"widget\" data-widget_type=\"heading.default\">\n\t\t\t\t<div class=\"elementor-widget-container\">\n\t\t\t<h2 class=\"elementor-heading-title elementor-size-default\">GRUPA AA \"Emigranci\"<\/h2>\t\t<\/div>\n\t\t\t\t<\/div>\n\t\t\t\t\t<\/div>\n\t\t<\/div>\n\t\t\t\t\t\t\t<\/div>\n\t\t<\/section>\n\t\t\t\t<section class=\"elementor-section elementor-top-section elementor-element elementor-element-fb2a6a5 elementor-section-boxed elementor-section-height-default elementor-section-height-default\" data-id=\"fb2a6a5\" data-element_type=\"section\">\n\t\t\t\t\t\t<div class=\"elementor-container elementor-column-gap-default\">\n\t\t\t\t\t<div class=\"elementor-column elementor-col-100 elementor-top-column elementor-element elementor-element-7ed0bfd\" data-id=\"7ed0bfd\" data-element_type=\"column\">\n\t\t\t<div class=\"elementor-widget-wrap elementor-element-populated\">\n\t\t\t\t\t\t\t\t<div class=\"elementor-element elementor-element-5434fae elementor-widget elementor-widget-text-editor\" data-id=\"5434fae\" data-element_type=\"widget\" data-widget_type=\"text-editor.default\">\n\t\t\t\t<div class=\"elementor-widget-container\">\n\t\t\t\t\t\t\t<p style=\"text-align: center;\">\u00a0<\/p><header><\/header><div class=\"content-editable\" style=\"text-align: center;\"><p class=\"has-text-align-center\"><span style=\"color: #000000;\"><span style=\"text-decoration: underline;\">Anonimowi Alkoholicy (AA)<\/span> to wsp\u00f3lnota m\u0119\u017cczyzn i kobiet,\u00a0<\/span><\/p><p class=\"has-text-align-center\"><span style=\"color: #000000;\">kt\u00f3rzy dziel\u0105 si\u0119 swoim do\u015bwiadczeniem i w ten spos\u00f3b pomagaj\u0105 sobie oraz innym w zdrowieniu\u00a0<\/span><\/p><p class=\"has-text-align-center\"><span style=\"color: #000000;\">z choroby alkoholowej.<\/span><\/p><\/div><p style=\"text-align: center;\"><span style=\"color: #000000;\">Spotkania odbywaj\u0105 si\u0119 <span style=\"text-decoration: underline;\">w ka\u017cd\u0105 niedziel\u0119 o godz. 19.00<\/span>\u00a0<\/span><\/p><p style=\"text-align: center;\"><span style=\"color: #000000;\">w salce przy ko\u015bciele Ojc\u00f3w Sercan\u00f3w w Cork (Sacred Heart Church, Western Road, T12CA34).<\/span><\/p><p style=\"text-align: center;\"><span style=\"color: #000000;\">tel.: 0852803689<\/span><\/p><p style=\"text-align: center;\"><span style=\"color: #000000;\">aaemigrancicork@gmail.com<\/span><\/p>\t\t\t\t\t\t<\/div>\n\t\t\t\t<\/div>\n\t\t\t\t\t<\/div>\n\t\t<\/div>\n\t\t\t\t\t\t\t<\/div>\n\t\t<\/section>\n\t\t\t\t\t\t\t<\/div>\n\t\t","protected":false},"excerpt":{"rendered":"<p>GRUPA AA &#8222;Emigranci&#8221; \u00a0 Anonimowi Alkoholicy (AA) to wsp\u00f3lnota m\u0119\u017cczyzn i kobiet,\u00a0 kt\u00f3rzy dziel\u0105 si\u0119 swoim do\u015bwiadczeniem i w ten spos\u00f3b pomagaj\u0105 sobie oraz innym w zdrowieniu\u00a0 z choroby alkoholowej. Spotkania odbywaj\u0105 si\u0119 w ka\u017cd\u0105 niedziel\u0119 o godz. 19.00\u00a0 w salce przy ko\u015bciele Ojc\u00f3w Sercan\u00f3w w Cork (Sacred Heart Church,&hellip;<\/p>\n","protected":false},"author":1,"featured_media":0,"parent":0,"menu_order":0,"comment_status":"closed","ping_status":"closed","template":"","meta":{"ngg_post_thumbnail":0,"footnotes":""},"class_list":["post-301","page","type-page","status-publish","hentry"],"_links":{"self":[{"href":"https:\/\/duszpasterstwopolskiewcork.ie\/index.php\/wp-json\/wp\/v2\/pages\/301","targetHints":{"allow":["GET"]}}],"collection":[{"href":"https:\/\/duszpasterstwopolskiewcork.ie\/index.php\/wp-json\/wp\/v2\/pages"}],"about":[{"href":"https:\/\/duszpasterstwopolskiewcork.ie\/index.php\/wp-json\/wp\/v2\/types\/page"}],"author":[{"embeddable":true,"href":"https:\/\/duszpasterstwopolskiewcork.ie\/index.php\/wp-json\/wp\/v2\/users\/1"}],"replies":[{"embeddable":true,"href":"https:\/\/duszpasterstwopolskiewcork.ie\/index.php\/wp-json\/wp\/v2\/comments?post=301"}],"version-history":[{"count":16,"href":"https:\/\/duszpasterstwopolskiewcork.ie\/index.php\/wp-json\/wp\/v2\/pages\/301\/revisions"}],"predecessor-version":[{"id":10919,"href":"https:\/\/duszpasterstwopolskiewcork.ie\/index.php\/wp-json\/wp\/v2\/pages\/301\/revisions\/10919"}],"wp:attachment":[{"href":"https:\/\/duszpasterstwopolskiewcork.ie\/index.php\/wp-json\/wp\/v2\/media?parent=301"}],"curies":[{"name":"wp","href":"https:\/\/api.w.org\/{rel}","templated":true}]}}