{"id":303,"date":"2021-06-16T21:34:01","date_gmt":"2021-06-16T19:34:01","guid":{"rendered":"http:\/\/duszpasterstwopolskiewcork.ie\/?page_id=303"},"modified":"2024-09-05T18:22:05","modified_gmt":"2024-09-05T16:22:05","slug":"grupa-al-anon","status":"publish","type":"page","link":"https:\/\/duszpasterstwopolskiewcork.ie\/index.php\/grupa-al-anon\/","title":{"rendered":"Grupa Al-Anon"},"content":{"rendered":"\t\t<div data-elementor-type=\"wp-page\" data-elementor-id=\"303\" class=\"elementor elementor-303\">\n\t\t\t\t\t\t\t\t\t<section class=\"elementor-section elementor-top-section elementor-element elementor-element-d571387 elementor-section-boxed elementor-section-height-default elementor-section-height-default\" data-id=\"d571387\" data-element_type=\"section\">\n\t\t\t\t\t\t<div class=\"elementor-container elementor-column-gap-default\">\n\t\t\t\t\t<div class=\"elementor-column elementor-col-100 elementor-top-column elementor-element elementor-element-c57ed53\" data-id=\"c57ed53\" data-element_type=\"column\">\n\t\t\t<div class=\"elementor-widget-wrap elementor-element-populated\">\n\t\t\t\t\t\t\t\t<div class=\"elementor-element elementor-element-3cd7ac5 elementor-widget elementor-widget-heading\" data-id=\"3cd7ac5\" data-element_type=\"widget\" data-widget_type=\"heading.default\">\n\t\t\t\t<div class=\"elementor-widget-container\">\n\t\t\t<h2 class=\"elementor-heading-title elementor-size-default\">GRUPA AL-ANON<\/h2>\t\t<\/div>\n\t\t\t\t<\/div>\n\t\t\t\t\t<\/div>\n\t\t<\/div>\n\t\t\t\t\t\t\t<\/div>\n\t\t<\/section>\n\t\t\t\t<section class=\"elementor-section elementor-top-section elementor-element elementor-element-d458a62 elementor-section-boxed elementor-section-height-default elementor-section-height-default\" data-id=\"d458a62\" data-element_type=\"section\">\n\t\t\t\t\t\t<div class=\"elementor-container elementor-column-gap-default\">\n\t\t\t\t\t<div class=\"elementor-column elementor-col-100 elementor-top-column elementor-element elementor-element-58b7eee\" data-id=\"58b7eee\" data-element_type=\"column\">\n\t\t\t<div class=\"elementor-widget-wrap elementor-element-populated\">\n\t\t\t\t\t\t\t\t<div class=\"elementor-element elementor-element-65774eb elementor-widget elementor-widget-text-editor\" data-id=\"65774eb\" data-element_type=\"widget\" data-widget_type=\"text-editor.default\">\n\t\t\t\t<div class=\"elementor-widget-container\">\n\t\t\t\t\t\t\t<p>Co to jest Al-Anon?<\/p><p>To ludzie, kt\u00f3rzy martwi\u0105 si\u0119, \u017ce kto\u015b z bliskich pije za du\u017co. Choroba alkoholowa wp\u0142ywa na ka\u017cdego cz\u0142onka rodziny. Otoczenie pij\u0105cego zostaje przez t\u0119 chorob\u0119 jakby \u201enapromieniowane\u201d, zachowanie najbli\u017cszych zmienia si\u0119, cho\u0107 oni sami cz\u0119sto tego nie widz\u0105. Rodziny i przyjaciele alkoholika otrzymuj\u0105 w Al-Anon szans\u0119 uczenia si\u0119 od siebie nawzajem, jak \u2013 mimo choroby \u2013\u00a0 \u017cy\u0107 w spos\u00f3b satysfakcjonuj\u0105cy i szcz\u0119\u015bliwy.<\/p><p>Spotkania Grupy Al-Anon s\u0105 tymczasowo zawieszone. W razie potrzeby prosz\u0119 kontaktowa\u0107 si\u0119 z ksi\u0119\u017cmi.<\/p>\t\t\t\t\t\t<\/div>\n\t\t\t\t<\/div>\n\t\t\t\t\t<\/div>\n\t\t<\/div>\n\t\t\t\t\t\t\t<\/div>\n\t\t<\/section>\n\t\t\t\t\t\t\t<\/div>\n\t\t","protected":false},"excerpt":{"rendered":"<p>GRUPA AL-ANON Co to jest Al-Anon? To ludzie, kt\u00f3rzy martwi\u0105 si\u0119, \u017ce kto\u015b z bliskich pije za du\u017co. Choroba alkoholowa wp\u0142ywa na ka\u017cdego cz\u0142onka rodziny. Otoczenie pij\u0105cego zostaje przez t\u0119 chorob\u0119 jakby \u201enapromieniowane\u201d, zachowanie najbli\u017cszych zmienia si\u0119, cho\u0107 oni sami cz\u0119sto tego nie widz\u0105. Rodziny i przyjaciele alkoholika otrzymuj\u0105 w&hellip;<\/p>\n","protected":false},"author":1,"featured_media":0,"parent":0,"menu_order":0,"comment_status":"closed","ping_status":"closed","template":"","meta":{"ngg_post_thumbnail":0,"footnotes":""},"class_list":["post-303","page","type-page","status-publish","hentry"],"_links":{"self":[{"href":"https:\/\/duszpasterstwopolskiewcork.ie\/index.php\/wp-json\/wp\/v2\/pages\/303","targetHints":{"allow":["GET"]}}],"collection":[{"href":"https:\/\/duszpasterstwopolskiewcork.ie\/index.php\/wp-json\/wp\/v2\/pages"}],"about":[{"href":"https:\/\/duszpasterstwopolskiewcork.ie\/index.php\/wp-json\/wp\/v2\/types\/page"}],"author":[{"embeddable":true,"href":"https:\/\/duszpasterstwopolskiewcork.ie\/index.php\/wp-json\/wp\/v2\/users\/1"}],"replies":[{"embeddable":true,"href":"https:\/\/duszpasterstwopolskiewcork.ie\/index.php\/wp-json\/wp\/v2\/comments?post=303"}],"version-history":[{"count":7,"href":"https:\/\/duszpasterstwopolskiewcork.ie\/index.php\/wp-json\/wp\/v2\/pages\/303\/revisions"}],"predecessor-version":[{"id":7447,"href":"https:\/\/duszpasterstwopolskiewcork.ie\/index.php\/wp-json\/wp\/v2\/pages\/303\/revisions\/7447"}],"wp:attachment":[{"href":"https:\/\/duszpasterstwopolskiewcork.ie\/index.php\/wp-json\/wp\/v2\/media?parent=303"}],"curies":[{"name":"wp","href":"https:\/\/api.w.org\/{rel}","templated":true}]}}